{"id":4091,"date":"2023-10-09T13:30:07","date_gmt":"2023-10-09T13:30:07","guid":{"rendered":"http:\/\/192.168.40.110\/cissa\/?page_id=4091"},"modified":"2023-10-20T13:56:23","modified_gmt":"2023-10-20T13:56:23","slug":"pt-the-visit-of-he-obiang-nguema","status":"publish","type":"page","link":"https:\/\/cissaau.org\/?page_id=4091&lang=pt","title":{"rendered":"pt-The visit of HE OBIANG NGUEMA"},"content":{"rendered":"\t\t<div data-elementor-type=\"wp-page\" data-elementor-id=\"4091\" class=\"elementor elementor-4091\">\n\t\t\t\t\t\t<section class=\"elementor-section elementor-top-section elementor-element elementor-element-b9a86f6 elementor-section-full_width elementor-section-stretched elementor-section-height-default elementor-section-height-default\" data-id=\"b9a86f6\" data-element_type=\"section\" data-e-type=\"section\" data-settings=\"{&quot;stretch_section&quot;:&quot;section-stretched&quot;,&quot;background_background&quot;:&quot;classic&quot;}\">\n\t\t\t\t\t\t<div class=\"elementor-container elementor-column-gap-no\">\n\t\t\t\t\t<div class=\"elementor-column elementor-col-100 elementor-top-column elementor-element elementor-element-fcc78d9\" data-id=\"fcc78d9\" data-element_type=\"column\" data-e-type=\"column\" data-settings=\"{&quot;background_background&quot;:&quot;classic&quot;}\">\n\t\t\t<div class=\"elementor-widget-wrap elementor-element-populated\">\n\t\t\t\t\t\t<section class=\"elementor-section elementor-inner-section elementor-element elementor-element-99dda9b elementor-section-full_width elementor-section-height-default elementor-section-height-default\" data-id=\"99dda9b\" data-element_type=\"section\" data-e-type=\"section\">\n\t\t\t\t\t\t<div class=\"elementor-container elementor-column-gap-default\">\n\t\t\t\t\t<div class=\"elementor-column elementor-col-33 elementor-inner-column elementor-element elementor-element-19b3acf\" data-id=\"19b3acf\" data-element_type=\"column\" data-e-type=\"column\" data-settings=\"{&quot;background_background&quot;:&quot;classic&quot;}\">\n\t\t\t<div class=\"elementor-widget-wrap elementor-element-populated\">\n\t\t\t\t\t\t<div class=\"elementor-element elementor-element-073dbf0 elementor-widget__width-initial elementor-widget elementor-widget-heading\" data-id=\"073dbf0\" data-element_type=\"widget\" data-e-type=\"widget\" data-widget_type=\"heading.default\">\n\t\t\t\t<div class=\"elementor-widget-container\">\n\t\t\t\t\t<h2 class=\"elementor-heading-title elementor-size-xl\">Visita oficial de S.E. OBIANG NGUEMA ao Secretariado do CISSA\n<\/h2>\t\t\t\t<\/div>\n\t\t\t\t<\/div>\n\t\t\t\t\t<\/div>\n\t\t<\/div>\n\t\t\t\t<div class=\"elementor-column elementor-col-33 elementor-inner-column elementor-element elementor-element-9657471\" data-id=\"9657471\" data-element_type=\"column\" data-e-type=\"column\">\n\t\t\t<div class=\"elementor-widget-wrap\">\n\t\t\t\t\t\t\t<\/div>\n\t\t<\/div>\n\t\t\t\t<div class=\"elementor-column elementor-col-33 elementor-inner-column elementor-element elementor-element-b32bda4\" data-id=\"b32bda4\" data-element_type=\"column\" data-e-type=\"column\">\n\t\t\t<div class=\"elementor-widget-wrap\">\n\t\t\t\t\t\t\t<\/div>\n\t\t<\/div>\n\t\t\t\t\t<\/div>\n\t\t<\/section>\n\t\t\t\t\t<\/div>\n\t\t<\/div>\n\t\t\t\t\t<\/div>\n\t\t<\/section>\n\t\t\t\t<section class=\"elementor-section elementor-top-section elementor-element elementor-element-b02f4d5 elementor-section-boxed elementor-section-height-default elementor-section-height-default\" data-id=\"b02f4d5\" data-element_type=\"section\" data-e-type=\"section\">\n\t\t\t\t\t\t<div class=\"elementor-container elementor-column-gap-default\">\n\t\t\t\t\t<div class=\"elementor-column elementor-col-100 elementor-top-column elementor-element elementor-element-8ea0faf\" data-id=\"8ea0faf\" data-element_type=\"column\" data-e-type=\"column\">\n\t\t\t<div class=\"elementor-widget-wrap elementor-element-populated\">\n\t\t\t\t\t\t<div class=\"elementor-element elementor-element-a9992d2 elementor-widget elementor-widget-heading\" data-id=\"a9992d2\" data-element_type=\"widget\" data-e-type=\"widget\" data-widget_type=\"heading.default\">\n\t\t\t\t<div class=\"elementor-widget-container\">\n\t\t\t\t\t<h2 class=\"elementor-heading-title elementor-size-default\">Visita oficial de S.E. OBIANG NGUEMA \u00e0 sede do Secretariado do CISSA seguida por um almo\u00e7o especial \u00e0 margem da Cimeira da Uni\u00e3o Africana<\/h2>\t\t\t\t<\/div>\n\t\t\t\t<\/div>\n\t\t\t\t<div class=\"elementor-element elementor-element-d822cdf elementor-widget__width-initial elementor-widget elementor-widget-text-editor\" data-id=\"d822cdf\" data-element_type=\"widget\" data-e-type=\"widget\" data-widget_type=\"text-editor.default\">\n\t\t\t\t<div class=\"elementor-widget-container\">\n\t\t\t\t\t\t\t\t\t<p>Visita de S.E. Obiang Nguema Mbassogo, Presidente da Rep\u00fablica da Guin\u00e9 Equatorial, \u00e0 sede do Secretariado do CISSA no dia 20 de Fevereiro de 2023, seguida por um almo\u00e7o especial oferecido aos Presidentes presentes \u00e0 margem da Cimeira da Uni\u00e3o Africana. A presen\u00e7a de S.E. Obiang Nguema Mbassogo e de outros presidentes no almo\u00e7o foi um testemunho do comprometimento colectivo na promo\u00e7\u00e3o da paz e estabilidade no continente, mas tamb\u00e9m constituiu um s\u00edmbolo de confian\u00e7a e apoio aos esfor\u00e7os do CISSA.<\/p>\t\t\t\t\t\t\t\t<\/div>\n\t\t\t\t<\/div>\n\t\t\t\t\t<\/div>\n\t\t<\/div>\n\t\t\t\t\t<\/div>\n\t\t<\/section>\n\t\t\t\t<section class=\"elementor-section elementor-top-section elementor-element elementor-element-b62376f elementor-section-boxed elementor-section-height-default elementor-section-height-default\" data-id=\"b62376f\" data-element_type=\"section\" data-e-type=\"section\">\n\t\t\t\t\t\t<div class=\"elementor-container elementor-column-gap-default\">\n\t\t\t\t\t<div class=\"elementor-column elementor-col-100 elementor-top-column elementor-element elementor-element-3f150da\" data-id=\"3f150da\" data-element_type=\"column\" data-e-type=\"column\">\n\t\t\t<div class=\"elementor-widget-wrap elementor-element-populated\">\n\t\t\t\t\t\t<div class=\"elementor-element elementor-element-ae332c6 elementor-widget elementor-widget-image-gallery\" data-id=\"ae332c6\" data-element_type=\"widget\" data-e-type=\"widget\" data-widget_type=\"image-gallery.default\">\n\t\t\t\t<div class=\"elementor-widget-container\">\n\t\t\t\t\t\t\t<div class=\"elementor-image-gallery\">\n\t\t\t<div id='gallery-1' class='gallery galleryid-4091 gallery-columns-4 gallery-size-full'><figure class='gallery-item'>\n\t\t\t<div class='gallery-icon landscape'>\n\t\t\t\t<a data-elementor-open-lightbox=\"yes\" data-elementor-lightbox-slideshow=\"ae332c6\" data-elementor-lightbox-title=\"IMG_4525\" data-e-action-hash=\"#elementor-action%3Aaction%3Dlightbox%26settings%3DeyJpZCI6NDM4OCwidXJsIjoiaHR0cHM6XC9cL2Npc3NhYXUub3JnXC93cC1jb250ZW50XC91cGxvYWRzXC8yMDIzXC8xMFwvSU1HXzQ1MjUuanBnIiwic2xpZGVzaG93IjoiYWUzMzJjNiJ9\" href='https:\/\/cissaau.org\/wp-content\/uploads\/2023\/10\/IMG_4525.jpg'><img fetchpriority=\"high\" decoding=\"async\" width=\"6024\" height=\"4000\" src=\"https:\/\/cissaau.org\/wp-content\/uploads\/2023\/10\/IMG_4525.jpg\" class=\"attachment-full size-full\" alt=\"\" aria-describedby=\"gallery-1-4388\" \/><\/a>\n\t\t\t<\/div>\n\t\t\t\t<figcaption class='wp-caption-text gallery-caption' id='gallery-1-4388'>\n\t\t\t\tLa visite de S.E Obiang Nguema\n\t\t\t\t<\/figcaption><\/figure><figure class='gallery-item'>\n\t\t\t<div class='gallery-icon landscape'>\n\t\t\t\t<a data-elementor-open-lightbox=\"yes\" data-elementor-lightbox-slideshow=\"ae332c6\" data-elementor-lightbox-title=\"IMG_4443\" data-e-action-hash=\"#elementor-action%3Aaction%3Dlightbox%26settings%3DeyJpZCI6MzU0NCwidXJsIjoiaHR0cHM6XC9cL2Npc3NhYXUub3JnXC93cC1jb250ZW50XC91cGxvYWRzXC8yMDIzXC8xMFwvSU1HXzQ0NDMuanBnIiwic2xpZGVzaG93IjoiYWUzMzJjNiJ9\" href='https:\/\/cissaau.org\/wp-content\/uploads\/2023\/10\/IMG_4443.jpg'><img decoding=\"async\" width=\"1399\" height=\"925\" src=\"https:\/\/cissaau.org\/wp-content\/uploads\/2023\/10\/IMG_4443.jpg\" class=\"attachment-full size-full\" alt=\"\" \/><\/a>\n\t\t\t<\/div><\/figure><figure class='gallery-item'>\n\t\t\t<div class='gallery-icon landscape'>\n\t\t\t\t<a data-elementor-open-lightbox=\"yes\" data-elementor-lightbox-slideshow=\"ae332c6\" data-elementor-lightbox-title=\"IMG_4415\" data-e-action-hash=\"#elementor-action%3Aaction%3Dlightbox%26settings%3DeyJpZCI6NDM5NywidXJsIjoiaHR0cHM6XC9cL2Npc3NhYXUub3JnXC93cC1jb250ZW50XC91cGxvYWRzXC8yMDIzXC8xMFwvSU1HXzQ0MTUuanBnIiwic2xpZGVzaG93IjoiYWUzMzJjNiJ9\" href='https:\/\/cissaau.org\/wp-content\/uploads\/2023\/10\/IMG_4415.jpg'><img decoding=\"async\" width=\"5984\" height=\"4020\" src=\"https:\/\/cissaau.org\/wp-content\/uploads\/2023\/10\/IMG_4415.jpg\" class=\"attachment-full size-full\" alt=\"\" aria-describedby=\"gallery-1-4397\" \/><\/a>\n\t\t\t<\/div>\n\t\t\t\t<figcaption class='wp-caption-text gallery-caption' id='gallery-1-4397'>\n\t\t\t\tLa visite de S.E Obiang Nguema\n\t\t\t\t<\/figcaption><\/figure><figure class='gallery-item'>\n\t\t\t<div class='gallery-icon landscape'>\n\t\t\t\t<a data-elementor-open-lightbox=\"yes\" data-elementor-lightbox-slideshow=\"ae332c6\" data-elementor-lightbox-title=\"IMG_4386\" data-e-action-hash=\"#elementor-action%3Aaction%3Dlightbox%26settings%3DeyJpZCI6NDQwNCwidXJsIjoiaHR0cHM6XC9cL2Npc3NhYXUub3JnXC93cC1jb250ZW50XC91cGxvYWRzXC8yMDIzXC8xMFwvSU1HXzQzODYuanBnIiwic2xpZGVzaG93IjoiYWUzMzJjNiJ9\" href='https:\/\/cissaau.org\/wp-content\/uploads\/2023\/10\/IMG_4386.jpg'><img loading=\"lazy\" decoding=\"async\" width=\"5904\" height=\"4020\" src=\"https:\/\/cissaau.org\/wp-content\/uploads\/2023\/10\/IMG_4386.jpg\" class=\"attachment-full size-full\" alt=\"\" aria-describedby=\"gallery-1-4404\" \/><\/a>\n\t\t\t<\/div>\n\t\t\t\t<figcaption class='wp-caption-text gallery-caption' id='gallery-1-4404'>\n\t\t\t\tLa visite de S.E Obiang Nguema\n\t\t\t\t<\/figcaption><\/figure>\n\t\t<\/div>\n\t\t<\/div>\n\t\t\t\t\t\t<\/div>\n\t\t\t\t<\/div>\n\t\t\t\t\t<\/div>\n\t\t<\/div>\n\t\t\t\t\t<\/div>\n\t\t<\/section>\n\t\t\t\t<\/div>\n\t\t","protected":false},"excerpt":{"rendered":"<p>Visita oficial de S.E. OBIANG NGUEMA ao Secretariado do CISSA Visita oficial de S.E. OBIANG NGUEMA \u00e0 sede do Secretariado do CISSA seguida por um almo\u00e7o especial \u00e0 margem da Cimeira da Uni\u00e3o Africana Visita de S.E. Obiang Nguema Mbassogo, Presidente da Rep\u00fablica da Guin\u00e9 Equatorial, \u00e0 sede do Secretariado do CISSA no dia 20&#8230;<\/p>\n","protected":false},"author":1,"featured_media":0,"parent":0,"menu_order":0,"comment_status":"closed","ping_status":"closed","template":"","meta":{"_kadence_starter_templates_imported_post":false,"_kad_post_transparent":"disable","_kad_post_title":"hide","_kad_post_layout":"fullwidth","_kad_post_sidebar_id":"","_kad_post_content_style":"unboxed","_kad_post_vertical_padding":"hide","_kad_post_feature":"hide","_kad_post_feature_position":"","_kad_post_header":false,"_kad_post_footer":false,"_kad_post_classname":"","footnotes":""},"class_list":["post-4091","page","type-page","status-publish","hentry"],"_links":{"self":[{"href":"https:\/\/cissaau.org\/index.php?rest_route=\/wp\/v2\/pages\/4091","targetHints":{"allow":["GET"]}}],"collection":[{"href":"https:\/\/cissaau.org\/index.php?rest_route=\/wp\/v2\/pages"}],"about":[{"href":"https:\/\/cissaau.org\/index.php?rest_route=\/wp\/v2\/types\/page"}],"author":[{"embeddable":true,"href":"https:\/\/cissaau.org\/index.php?rest_route=\/wp\/v2\/users\/1"}],"replies":[{"embeddable":true,"href":"https:\/\/cissaau.org\/index.php?rest_route=%2Fwp%2Fv2%2Fcomments&post=4091"}],"version-history":[{"count":1,"href":"https:\/\/cissaau.org\/index.php?rest_route=\/wp\/v2\/pages\/4091\/revisions"}],"predecessor-version":[{"id":5153,"href":"https:\/\/cissaau.org\/index.php?rest_route=\/wp\/v2\/pages\/4091\/revisions\/5153"}],"wp:attachment":[{"href":"https:\/\/cissaau.org\/index.php?rest_route=%2Fwp%2Fv2%2Fmedia&parent=4091"}],"curies":[{"name":"wp","href":"https:\/\/api.w.org\/{rel}","templated":true}]}}