{"id":4083,"date":"2023-10-04T15:37:42","date_gmt":"2023-10-04T15:37:42","guid":{"rendered":"http:\/\/192.168.40.110\/cissa\/?page_id=4083"},"modified":"2023-10-16T09:06:04","modified_gmt":"2023-10-16T09:06:04","slug":"pt-courtesy-visit-of-chairperson-of-cissa-secretariat-year-2023","status":"publish","type":"page","link":"https:\/\/cissaau.org\/?page_id=4083&lang=pt","title":{"rendered":"pt-Courtesy visit of Chairperson of CISSA Secretariat year 2023"},"content":{"rendered":"\t\t<div data-elementor-type=\"wp-page\" data-elementor-id=\"4083\" class=\"elementor elementor-4083\">\n\t\t\t\t\t\t<section class=\"elementor-section elementor-top-section elementor-element elementor-element-8a53c46 elementor-section-full_width elementor-section-stretched elementor-section-height-default elementor-section-height-default\" data-id=\"8a53c46\" data-element_type=\"section\" data-e-type=\"section\" data-settings=\"{&quot;stretch_section&quot;:&quot;section-stretched&quot;,&quot;background_background&quot;:&quot;classic&quot;}\">\n\t\t\t\t\t\t<div class=\"elementor-container elementor-column-gap-no\">\n\t\t\t\t\t<div class=\"elementor-column elementor-col-100 elementor-top-column elementor-element elementor-element-a6da9e1\" data-id=\"a6da9e1\" data-element_type=\"column\" data-e-type=\"column\" data-settings=\"{&quot;background_background&quot;:&quot;classic&quot;}\">\n\t\t\t<div class=\"elementor-widget-wrap elementor-element-populated\">\n\t\t\t\t\t\t<section class=\"elementor-section elementor-inner-section elementor-element elementor-element-c33e8fd elementor-section-full_width elementor-section-height-default elementor-section-height-default\" data-id=\"c33e8fd\" data-element_type=\"section\" data-e-type=\"section\">\n\t\t\t\t\t\t<div class=\"elementor-container elementor-column-gap-default\">\n\t\t\t\t\t<div class=\"elementor-column elementor-col-33 elementor-inner-column elementor-element elementor-element-5acfc47\" data-id=\"5acfc47\" data-element_type=\"column\" data-e-type=\"column\" data-settings=\"{&quot;background_background&quot;:&quot;classic&quot;}\">\n\t\t\t<div class=\"elementor-widget-wrap elementor-element-populated\">\n\t\t\t\t\t\t<div class=\"elementor-element elementor-element-c07f08b elementor-widget elementor-widget-heading\" data-id=\"c07f08b\" data-element_type=\"widget\" data-e-type=\"widget\" data-widget_type=\"heading.default\">\n\t\t\t\t<div class=\"elementor-widget-container\">\n\t\t\t\t\t<h2 class=\"elementor-heading-title elementor-size-xl\">Visita de cortesia do Presidente do CISSA \u00e0 sede do Secretariado<\/h2>\t\t\t\t<\/div>\n\t\t\t\t<\/div>\n\t\t\t\t\t<\/div>\n\t\t<\/div>\n\t\t\t\t<div class=\"elementor-column elementor-col-33 elementor-inner-column elementor-element elementor-element-25c5a17\" data-id=\"25c5a17\" data-element_type=\"column\" data-e-type=\"column\">\n\t\t\t<div class=\"elementor-widget-wrap\">\n\t\t\t\t\t\t\t<\/div>\n\t\t<\/div>\n\t\t\t\t<div class=\"elementor-column elementor-col-33 elementor-inner-column elementor-element elementor-element-d003066\" data-id=\"d003066\" data-element_type=\"column\" data-e-type=\"column\">\n\t\t\t<div class=\"elementor-widget-wrap\">\n\t\t\t\t\t\t\t<\/div>\n\t\t<\/div>\n\t\t\t\t\t<\/div>\n\t\t<\/section>\n\t\t\t\t\t<\/div>\n\t\t<\/div>\n\t\t\t\t\t<\/div>\n\t\t<\/section>\n\t\t\t\t<section class=\"elementor-section elementor-top-section elementor-element elementor-element-9c401f6 elementor-section-boxed elementor-section-height-default elementor-section-height-default\" data-id=\"9c401f6\" data-element_type=\"section\" data-e-type=\"section\">\n\t\t\t\t\t\t<div class=\"elementor-container elementor-column-gap-default\">\n\t\t\t\t\t<div class=\"elementor-column elementor-col-100 elementor-top-column elementor-element elementor-element-fd2adb3\" data-id=\"fd2adb3\" data-element_type=\"column\" data-e-type=\"column\">\n\t\t\t<div class=\"elementor-widget-wrap elementor-element-populated\">\n\t\t\t\t\t\t<div class=\"elementor-element elementor-element-06c560c elementor-widget elementor-widget-heading\" data-id=\"06c560c\" data-element_type=\"widget\" data-e-type=\"widget\" data-widget_type=\"heading.default\">\n\t\t\t\t<div class=\"elementor-widget-container\">\n\t\t\t\t\t<h2 class=\"elementor-heading-title elementor-size-default\">Visita de cortesia do Presidente do CISSA em 2023<\/h2>\t\t\t\t<\/div>\n\t\t\t\t<\/div>\n\t\t\t\t<div class=\"elementor-element elementor-element-a5173ab elementor-widget elementor-widget-text-editor\" data-id=\"a5173ab\" data-element_type=\"widget\" data-e-type=\"widget\" data-widget_type=\"text-editor.default\">\n\t\t\t\t<div class=\"elementor-widget-container\">\n\t\t\t\t\t\t\t\t\t<p>O Presidente do CISSA, Director-Geral da <em>Directorate of Intelligence and Security<\/em> (DIS) da Rep\u00fablica do Botswana, Brigadeiro (RTD) Peter Fana MAGOSI, fez uma visita de cortesia \u00e0 Sede do CISSA, a 19 de Abril de 2023, onde foi recebido pela Secret\u00e1ria Executiva, Embaixadora Zainab Ali Kotoko. Durante a visita, o Brigadeiro (RTD) Peter Fana MAGOSI debateu sobre os progressos alcan\u00e7ados pelo CISSA desde a 18\u00aa Confer\u00eancia realizada em Gaborone, Botswana, bem como sobre planos para o futuro. Manifestou a sua satisfa\u00e7\u00e3o com os progressos alcan\u00e7ados pelo CISSA desde a sua cria\u00e7\u00e3o e saudou a Embaixadora Zainab Ali Kotoko e a sua equipa pela sua dedica\u00e7\u00e3o e trabalho \u00e1rduo. Assegurou tamb\u00e9m \u00e0 Embaixadora Kotoko o seu apoio cont\u00ednuo.<\/p>\t\t\t\t\t\t\t\t<\/div>\n\t\t\t\t<\/div>\n\t\t\t\t\t<\/div>\n\t\t<\/div>\n\t\t\t\t\t<\/div>\n\t\t<\/section>\n\t\t\t\t<section class=\"elementor-section elementor-top-section elementor-element elementor-element-233bd6b elementor-section-stretched elementor-section-boxed elementor-section-height-default elementor-section-height-default\" data-id=\"233bd6b\" data-element_type=\"section\" data-e-type=\"section\" data-settings=\"{&quot;stretch_section&quot;:&quot;section-stretched&quot;,&quot;animation&quot;:&quot;none&quot;}\">\n\t\t\t\t\t\t<div class=\"elementor-container elementor-column-gap-default\">\n\t\t\t\t\t<div class=\"elementor-column elementor-col-100 elementor-top-column elementor-element elementor-element-8eb95ae\" data-id=\"8eb95ae\" data-element_type=\"column\" data-e-type=\"column\">\n\t\t\t<div class=\"elementor-widget-wrap elementor-element-populated\">\n\t\t\t\t\t\t<div class=\"elementor-element elementor-element-55487ff gallery-spacing-custom elementor-widget elementor-widget-image-gallery\" data-id=\"55487ff\" data-element_type=\"widget\" data-e-type=\"widget\" data-widget_type=\"image-gallery.default\">\n\t\t\t\t<div class=\"elementor-widget-container\">\n\t\t\t\t\t\t\t<div class=\"elementor-image-gallery\">\n\t\t\t<div id='gallery-1' class='gallery galleryid-4083 gallery-columns-4 gallery-size-full'><figure class='gallery-item'>\n\t\t\t<div class='gallery-icon landscape'>\n\t\t\t\t<a data-elementor-open-lightbox=\"yes\" data-elementor-lightbox-slideshow=\"55487ff\" data-elementor-lightbox-title=\"IMG_4723\" data-e-action-hash=\"#elementor-action%3Aaction%3Dlightbox%26settings%3DeyJpZCI6NDU4OCwidXJsIjoiaHR0cHM6XC9cL2Npc3NhYXUub3JnXC93cC1jb250ZW50XC91cGxvYWRzXC8yMDIzXC8xMFwvSU1HXzQ3MjMuanBnIiwic2xpZGVzaG93IjoiNTU0ODdmZiJ9\" href='https:\/\/cissaau.org\/wp-content\/uploads\/2023\/10\/IMG_4723.jpg'><img fetchpriority=\"high\" decoding=\"async\" width=\"6000\" height=\"4000\" src=\"https:\/\/cissaau.org\/wp-content\/uploads\/2023\/10\/IMG_4723.jpg\" class=\"attachment-full size-full\" alt=\"\" aria-describedby=\"gallery-1-4588\" \/><\/a>\n\t\t\t<\/div>\n\t\t\t\t<figcaption class='wp-caption-text gallery-caption' id='gallery-1-4588'>\n\t\t\t\tpr\u00e9sident du CISSA 2023\n\t\t\t\t<\/figcaption><\/figure><figure class='gallery-item'>\n\t\t\t<div class='gallery-icon landscape'>\n\t\t\t\t<a data-elementor-open-lightbox=\"yes\" data-elementor-lightbox-slideshow=\"55487ff\" data-elementor-lightbox-title=\"IMG_4642\" data-e-action-hash=\"#elementor-action%3Aaction%3Dlightbox%26settings%3DeyJpZCI6NDU5OSwidXJsIjoiaHR0cHM6XC9cL2Npc3NhYXUub3JnXC93cC1jb250ZW50XC91cGxvYWRzXC8yMDIzXC8xMFwvSU1HXzQ2NDIuanBnIiwic2xpZGVzaG93IjoiNTU0ODdmZiJ9\" href='https:\/\/cissaau.org\/wp-content\/uploads\/2023\/10\/IMG_4642.jpg'><img decoding=\"async\" width=\"6000\" height=\"4000\" src=\"https:\/\/cissaau.org\/wp-content\/uploads\/2023\/10\/IMG_4642.jpg\" class=\"attachment-full size-full\" alt=\"\" aria-describedby=\"gallery-1-4599\" \/><\/a>\n\t\t\t<\/div>\n\t\t\t\t<figcaption class='wp-caption-text gallery-caption' id='gallery-1-4599'>\n\t\t\t\tpr\u00e9sident du CISSA 2023\n\t\t\t\t<\/figcaption><\/figure><figure class='gallery-item'>\n\t\t\t<div class='gallery-icon landscape'>\n\t\t\t\t<a data-elementor-open-lightbox=\"yes\" data-elementor-lightbox-slideshow=\"55487ff\" data-elementor-lightbox-title=\"IMG_4677\" data-e-action-hash=\"#elementor-action%3Aaction%3Dlightbox%26settings%3DeyJpZCI6NDY2NCwidXJsIjoiaHR0cHM6XC9cL2Npc3NhYXUub3JnXC93cC1jb250ZW50XC91cGxvYWRzXC8yMDIzXC8xMFwvSU1HXzQ2NzcuanBnIiwic2xpZGVzaG93IjoiNTU0ODdmZiJ9\" href='https:\/\/cissaau.org\/wp-content\/uploads\/2023\/10\/IMG_4677.jpg'><img decoding=\"async\" width=\"6000\" height=\"4000\" src=\"https:\/\/cissaau.org\/wp-content\/uploads\/2023\/10\/IMG_4677.jpg\" class=\"attachment-full size-full\" alt=\"\" aria-describedby=\"gallery-1-4664\" \/><\/a>\n\t\t\t<\/div>\n\t\t\t\t<figcaption class='wp-caption-text gallery-caption' id='gallery-1-4664'>\n\t\t\t\tpr\u00e9sident du CISSA 2023\n\t\t\t\t<\/figcaption><\/figure><figure class='gallery-item'>\n\t\t\t<div class='gallery-icon landscape'>\n\t\t\t\t<a data-elementor-open-lightbox=\"yes\" data-elementor-lightbox-slideshow=\"55487ff\" data-elementor-lightbox-title=\"IMG_4680\" data-e-action-hash=\"#elementor-action%3Aaction%3Dlightbox%26settings%3DeyJpZCI6NDU5NywidXJsIjoiaHR0cHM6XC9cL2Npc3NhYXUub3JnXC93cC1jb250ZW50XC91cGxvYWRzXC8yMDIzXC8xMFwvSU1HXzQ2ODAuanBnIiwic2xpZGVzaG93IjoiNTU0ODdmZiJ9\" href='https:\/\/cissaau.org\/wp-content\/uploads\/2023\/10\/IMG_4680.jpg'><img loading=\"lazy\" decoding=\"async\" width=\"6000\" height=\"4000\" src=\"https:\/\/cissaau.org\/wp-content\/uploads\/2023\/10\/IMG_4680.jpg\" class=\"attachment-full size-full\" alt=\"\" aria-describedby=\"gallery-1-4597\" \/><\/a>\n\t\t\t<\/div>\n\t\t\t\t<figcaption class='wp-caption-text gallery-caption' id='gallery-1-4597'>\n\t\t\t\tpr\u00e9sident du CISSA 2023\n\t\t\t\t<\/figcaption><\/figure><figure class='gallery-item'>\n\t\t\t<div class='gallery-icon landscape'>\n\t\t\t\t<a data-elementor-open-lightbox=\"yes\" data-elementor-lightbox-slideshow=\"55487ff\" data-elementor-lightbox-title=\"IMG_4701\" data-e-action-hash=\"#elementor-action%3Aaction%3Dlightbox%26settings%3DeyJpZCI6NDU5NiwidXJsIjoiaHR0cHM6XC9cL2Npc3NhYXUub3JnXC93cC1jb250ZW50XC91cGxvYWRzXC8yMDIzXC8xMFwvSU1HXzQ3MDEuanBnIiwic2xpZGVzaG93IjoiNTU0ODdmZiJ9\" href='https:\/\/cissaau.org\/wp-content\/uploads\/2023\/10\/IMG_4701.jpg'><img loading=\"lazy\" decoding=\"async\" width=\"6000\" height=\"4000\" src=\"https:\/\/cissaau.org\/wp-content\/uploads\/2023\/10\/IMG_4701.jpg\" class=\"attachment-full size-full\" alt=\"\" aria-describedby=\"gallery-1-4596\" \/><\/a>\n\t\t\t<\/div>\n\t\t\t\t<figcaption class='wp-caption-text gallery-caption' id='gallery-1-4596'>\n\t\t\t\tpr\u00e9sident du CISSA 2023\n\t\t\t\t<\/figcaption><\/figure>\n\t\t<\/div>\n\t\t<\/div>\n\t\t\t\t\t\t<\/div>\n\t\t\t\t<\/div>\n\t\t\t\t\t<\/div>\n\t\t<\/div>\n\t\t\t\t\t<\/div>\n\t\t<\/section>\n\t\t\t\t<\/div>\n\t\t","protected":false},"excerpt":{"rendered":"<p>Visita de cortesia do Presidente do CISSA \u00e0 sede do Secretariado Visita de cortesia do Presidente do CISSA em 2023 O Presidente do CISSA, Director-Geral da Directorate of Intelligence and Security (DIS) da Rep\u00fablica do Botswana, Brigadeiro (RTD) Peter Fana MAGOSI, fez uma visita de cortesia \u00e0 Sede do CISSA, a 19 de Abril de&#8230;<\/p>\n","protected":false},"author":1,"featured_media":0,"parent":0,"menu_order":0,"comment_status":"closed","ping_status":"closed","template":"","meta":{"_kadence_starter_templates_imported_post":false,"_kad_post_transparent":"disable","_kad_post_title":"hide","_kad_post_layout":"fullwidth","_kad_post_sidebar_id":"","_kad_post_content_style":"unboxed","_kad_post_vertical_padding":"hide","_kad_post_feature":"hide","_kad_post_feature_position":"","_kad_post_header":false,"_kad_post_footer":false,"_kad_post_classname":"","footnotes":""},"class_list":["post-4083","page","type-page","status-publish","hentry"],"_links":{"self":[{"href":"https:\/\/cissaau.org\/index.php?rest_route=\/wp\/v2\/pages\/4083","targetHints":{"allow":["GET"]}}],"collection":[{"href":"https:\/\/cissaau.org\/index.php?rest_route=\/wp\/v2\/pages"}],"about":[{"href":"https:\/\/cissaau.org\/index.php?rest_route=\/wp\/v2\/types\/page"}],"author":[{"embeddable":true,"href":"https:\/\/cissaau.org\/index.php?rest_route=\/wp\/v2\/users\/1"}],"replies":[{"embeddable":true,"href":"https:\/\/cissaau.org\/index.php?rest_route=%2Fwp%2Fv2%2Fcomments&post=4083"}],"version-history":[{"count":13,"href":"https:\/\/cissaau.org\/index.php?rest_route=\/wp\/v2\/pages\/4083\/revisions"}],"predecessor-version":[{"id":4985,"href":"https:\/\/cissaau.org\/index.php?rest_route=\/wp\/v2\/pages\/4083\/revisions\/4985"}],"wp:attachment":[{"href":"https:\/\/cissaau.org\/index.php?rest_route=%2Fwp%2Fv2%2Fmedia&parent=4083"}],"curies":[{"name":"wp","href":"https:\/\/api.w.org\/{rel}","templated":true}]}}