{"id":3843,"date":"2023-10-09T13:30:07","date_gmt":"2023-10-09T13:30:07","guid":{"rendered":"http:\/\/192.168.40.110\/cissa\/?page_id=3843"},"modified":"2023-10-12T13:20:14","modified_gmt":"2023-10-12T13:20:14","slug":"fr-the-visit-of-he-obiang-nguema","status":"publish","type":"page","link":"https:\/\/cissaau.org\/?page_id=3843&lang=fr","title":{"rendered":"fr-The visit of HE OBIANG NGUEMA"},"content":{"rendered":"\t\t<div data-elementor-type=\"wp-page\" data-elementor-id=\"3843\" class=\"elementor elementor-3843\">\n\t\t\t\t\t\t<section class=\"elementor-section elementor-top-section elementor-element elementor-element-b9a86f6 elementor-section-full_width elementor-section-stretched elementor-section-height-default elementor-section-height-default\" data-id=\"b9a86f6\" data-element_type=\"section\" data-e-type=\"section\" data-settings=\"{&quot;stretch_section&quot;:&quot;section-stretched&quot;,&quot;background_background&quot;:&quot;classic&quot;}\">\n\t\t\t\t\t\t<div class=\"elementor-container elementor-column-gap-no\">\n\t\t\t\t\t<div class=\"elementor-column elementor-col-100 elementor-top-column elementor-element elementor-element-fcc78d9\" data-id=\"fcc78d9\" data-element_type=\"column\" data-e-type=\"column\" data-settings=\"{&quot;background_background&quot;:&quot;classic&quot;}\">\n\t\t\t<div class=\"elementor-widget-wrap elementor-element-populated\">\n\t\t\t\t\t\t<section class=\"elementor-section elementor-inner-section elementor-element elementor-element-99dda9b elementor-section-full_width elementor-section-height-default elementor-section-height-default\" data-id=\"99dda9b\" data-element_type=\"section\" data-e-type=\"section\">\n\t\t\t\t\t\t<div class=\"elementor-container elementor-column-gap-default\">\n\t\t\t\t\t<div class=\"elementor-column elementor-col-33 elementor-inner-column elementor-element elementor-element-19b3acf\" data-id=\"19b3acf\" data-element_type=\"column\" data-e-type=\"column\" data-settings=\"{&quot;background_background&quot;:&quot;classic&quot;}\">\n\t\t\t<div class=\"elementor-widget-wrap elementor-element-populated\">\n\t\t\t\t\t\t<div class=\"elementor-element elementor-element-073dbf0 elementor-widget__width-initial elementor-widget elementor-widget-heading\" data-id=\"073dbf0\" data-element_type=\"widget\" data-e-type=\"widget\" data-widget_type=\"heading.default\">\n\t\t\t\t<div class=\"elementor-widget-container\">\n\t\t\t\t\t<h2 class=\"elementor-heading-title elementor-size-xl\">La visite de S.E Obiang Nguema<\/h2>\t\t\t\t<\/div>\n\t\t\t\t<\/div>\n\t\t\t\t\t<\/div>\n\t\t<\/div>\n\t\t\t\t<div class=\"elementor-column elementor-col-33 elementor-inner-column elementor-element elementor-element-9657471\" data-id=\"9657471\" data-element_type=\"column\" data-e-type=\"column\">\n\t\t\t<div class=\"elementor-widget-wrap\">\n\t\t\t\t\t\t\t<\/div>\n\t\t<\/div>\n\t\t\t\t<div class=\"elementor-column elementor-col-33 elementor-inner-column elementor-element elementor-element-b32bda4\" data-id=\"b32bda4\" data-element_type=\"column\" data-e-type=\"column\">\n\t\t\t<div class=\"elementor-widget-wrap\">\n\t\t\t\t\t\t\t<\/div>\n\t\t<\/div>\n\t\t\t\t\t<\/div>\n\t\t<\/section>\n\t\t\t\t\t<\/div>\n\t\t<\/div>\n\t\t\t\t\t<\/div>\n\t\t<\/section>\n\t\t\t\t<section class=\"elementor-section elementor-top-section elementor-element elementor-element-b02f4d5 elementor-section-boxed elementor-section-height-default elementor-section-height-default\" data-id=\"b02f4d5\" data-element_type=\"section\" data-e-type=\"section\">\n\t\t\t\t\t\t<div class=\"elementor-container elementor-column-gap-default\">\n\t\t\t\t\t<div class=\"elementor-column elementor-col-100 elementor-top-column elementor-element elementor-element-8ea0faf\" data-id=\"8ea0faf\" data-element_type=\"column\" data-e-type=\"column\">\n\t\t\t<div class=\"elementor-widget-wrap elementor-element-populated\">\n\t\t\t\t\t\t<div class=\"elementor-element elementor-element-a9992d2 elementor-widget elementor-widget-heading\" data-id=\"a9992d2\" data-element_type=\"widget\" data-e-type=\"widget\" data-widget_type=\"heading.default\">\n\t\t\t\t<div class=\"elementor-widget-container\">\n\t\t\t\t\t<h4 class=\"elementor-heading-title elementor-size-default\"><div style=\"text-align: start\"><span style=\"color: var( --e-global-color-kadence3 );background-color: transparent;text-align: justify\">La visite de S.E Obianf Nguema Mbassogo, Pr\u00e9sident de la R\u00e9publique de Guin\u00e9e \u00e9quatoriale, au si\u00e8ge du Secr\u00e9tariat du CISSA <\/span><span style=\"color: var( --e-global-color-kadence3 );background-color: transparent\"><\/span><\/div><\/h4>\t\t\t\t<\/div>\n\t\t\t\t<\/div>\n\t\t\t\t<div class=\"elementor-element elementor-element-d822cdf elementor-widget__width-initial elementor-widget elementor-widget-text-editor\" data-id=\"d822cdf\" data-element_type=\"widget\" data-e-type=\"widget\" data-widget_type=\"text-editor.default\">\n\t\t\t\t<div class=\"elementor-widget-container\">\n\t\t\t\t\t\t\t\t\t<p>La Visite de S.E. Obiang Nguema Mbassogo, le pr\u00e9sident de la R\u00e9publique de Guin\u00e9e \u00e9quatoriale au si\u00e8ge du Secr\u00e9tariat du CISSA, le 20 f\u00e9vrier 2023, suivie d&#8217;un d\u00e9jeuner sp\u00e9cial offert aux Pr\u00e9sidents pr\u00e9sents en marge du Sommet de l&#8217;Union Africaine. La pr\u00e9sence de S.E. Obiang Nguema Mbassogo et d&#8217;autres pr\u00e9sidents au d\u00e9jeuner \u00e9tait un t\u00e9moignage de l&#8217;engagement collectif \u00e0 promouvoir la paix et la stabilit\u00e9 sur le continent, mais aussi un symbole de confiance et de soutien aux efforts du CISSA.<\/p>\t\t\t\t\t\t\t\t<\/div>\n\t\t\t\t<\/div>\n\t\t\t\t\t<\/div>\n\t\t<\/div>\n\t\t\t\t\t<\/div>\n\t\t<\/section>\n\t\t\t\t<section class=\"elementor-section elementor-top-section elementor-element elementor-element-d6ebf1b elementor-section-stretched elementor-section-boxed elementor-section-height-default elementor-section-height-default\" data-id=\"d6ebf1b\" data-element_type=\"section\" data-e-type=\"section\" data-settings=\"{&quot;stretch_section&quot;:&quot;section-stretched&quot;,&quot;animation&quot;:&quot;none&quot;}\">\n\t\t\t\t\t\t<div class=\"elementor-container elementor-column-gap-default\">\n\t\t\t\t\t<div class=\"elementor-column elementor-col-100 elementor-top-column elementor-element elementor-element-23e17a6\" data-id=\"23e17a6\" data-element_type=\"column\" data-e-type=\"column\">\n\t\t\t<div class=\"elementor-widget-wrap elementor-element-populated\">\n\t\t\t\t\t\t<div class=\"elementor-element elementor-element-209791a gallery-spacing-custom elementor-widget elementor-widget-image-gallery\" data-id=\"209791a\" data-element_type=\"widget\" data-e-type=\"widget\" data-widget_type=\"image-gallery.default\">\n\t\t\t\t<div class=\"elementor-widget-container\">\n\t\t\t\t\t\t\t<div class=\"elementor-image-gallery\">\n\t\t\t<div id='gallery-1' class='gallery galleryid-3843 gallery-columns-4 gallery-size-full'><figure class='gallery-item'>\n\t\t\t<div class='gallery-icon landscape'>\n\t\t\t\t<a data-elementor-open-lightbox=\"yes\" data-elementor-lightbox-slideshow=\"209791a\" data-elementor-lightbox-title=\"IMG_4415\" data-e-action-hash=\"#elementor-action%3Aaction%3Dlightbox%26settings%3DeyJpZCI6NDQwMSwidXJsIjoiaHR0cHM6XC9cL2Npc3NhYXUub3JnXC93cC1jb250ZW50XC91cGxvYWRzXC8yMDIzXC8xMFwvSU1HXzQ0MTUuanBnIiwic2xpZGVzaG93IjoiMjA5NzkxYSJ9\" href='https:\/\/cissaau.org\/wp-content\/uploads\/2023\/10\/IMG_4415.jpg'><img fetchpriority=\"high\" decoding=\"async\" width=\"5984\" height=\"4020\" src=\"https:\/\/cissaau.org\/wp-content\/uploads\/2023\/10\/IMG_4415.jpg\" class=\"attachment-full size-full\" alt=\"\" aria-describedby=\"gallery-1-4401\" \/><\/a>\n\t\t\t<\/div>\n\t\t\t\t<figcaption class='wp-caption-text gallery-caption' id='gallery-1-4401'>\n\t\t\t\tLa visite de S.E Obiang Nguema\n\t\t\t\t<\/figcaption><\/figure><figure class='gallery-item'>\n\t\t\t<div class='gallery-icon landscape'>\n\t\t\t\t<a data-elementor-open-lightbox=\"yes\" data-elementor-lightbox-slideshow=\"209791a\" data-elementor-lightbox-title=\"IMG_4386\" data-e-action-hash=\"#elementor-action%3Aaction%3Dlightbox%26settings%3DeyJpZCI6NDQwMiwidXJsIjoiaHR0cHM6XC9cL2Npc3NhYXUub3JnXC93cC1jb250ZW50XC91cGxvYWRzXC8yMDIzXC8xMFwvSU1HXzQzODYuanBnIiwic2xpZGVzaG93IjoiMjA5NzkxYSJ9\" href='https:\/\/cissaau.org\/wp-content\/uploads\/2023\/10\/IMG_4386.jpg'><img decoding=\"async\" width=\"5904\" height=\"4020\" src=\"https:\/\/cissaau.org\/wp-content\/uploads\/2023\/10\/IMG_4386.jpg\" class=\"attachment-full size-full\" alt=\"\" aria-describedby=\"gallery-1-4402\" \/><\/a>\n\t\t\t<\/div>\n\t\t\t\t<figcaption class='wp-caption-text gallery-caption' id='gallery-1-4402'>\n\t\t\t\tLa visite de S.E Obiang Nguema\n\t\t\t\t<\/figcaption><\/figure><figure class='gallery-item'>\n\t\t\t<div class='gallery-icon landscape'>\n\t\t\t\t<a data-elementor-open-lightbox=\"yes\" data-elementor-lightbox-slideshow=\"209791a\" data-elementor-lightbox-title=\"IMG_4525\" data-e-action-hash=\"#elementor-action%3Aaction%3Dlightbox%26settings%3DeyJpZCI6NDM4NywidXJsIjoiaHR0cHM6XC9cL2Npc3NhYXUub3JnXC93cC1jb250ZW50XC91cGxvYWRzXC8yMDIzXC8xMFwvSU1HXzQ1MjUuanBnIiwic2xpZGVzaG93IjoiMjA5NzkxYSJ9\" href='https:\/\/cissaau.org\/wp-content\/uploads\/2023\/10\/IMG_4525.jpg'><img decoding=\"async\" width=\"6024\" height=\"4000\" src=\"https:\/\/cissaau.org\/wp-content\/uploads\/2023\/10\/IMG_4525.jpg\" class=\"attachment-full size-full\" alt=\"\" aria-describedby=\"gallery-1-4387\" \/><\/a>\n\t\t\t<\/div>\n\t\t\t\t<figcaption class='wp-caption-text gallery-caption' id='gallery-1-4387'>\n\t\t\t\tLa visite de S.E Obiang Nguema\n\t\t\t\t<\/figcaption><\/figure><figure class='gallery-item'>\n\t\t\t<div class='gallery-icon landscape'>\n\t\t\t\t<a data-elementor-open-lightbox=\"yes\" data-elementor-lightbox-slideshow=\"209791a\" data-elementor-lightbox-title=\"IMG_4443\" data-e-action-hash=\"#elementor-action%3Aaction%3Dlightbox%26settings%3DeyJpZCI6NDM5MSwidXJsIjoiaHR0cHM6XC9cL2Npc3NhYXUub3JnXC93cC1jb250ZW50XC91cGxvYWRzXC8yMDIzXC8xMFwvSU1HXzQ0NDMuanBnIiwic2xpZGVzaG93IjoiMjA5NzkxYSJ9\" href='https:\/\/cissaau.org\/wp-content\/uploads\/2023\/10\/IMG_4443.jpg'><img loading=\"lazy\" decoding=\"async\" width=\"1399\" height=\"925\" src=\"https:\/\/cissaau.org\/wp-content\/uploads\/2023\/10\/IMG_4443.jpg\" class=\"attachment-full size-full\" alt=\"\" \/><\/a>\n\t\t\t<\/div><\/figure>\n\t\t<\/div>\n\t\t<\/div>\n\t\t\t\t\t\t<\/div>\n\t\t\t\t<\/div>\n\t\t\t\t\t<\/div>\n\t\t<\/div>\n\t\t\t\t\t<\/div>\n\t\t<\/section>\n\t\t\t\t<\/div>\n\t\t","protected":false},"excerpt":{"rendered":"<p>La visite de S.E Obiang Nguema La visite de S.E Obianf Nguema Mbassogo, Pr\u00e9sident de la R\u00e9publique de Guin\u00e9e \u00e9quatoriale, au si\u00e8ge du Secr\u00e9tariat du CISSA La Visite de S.E. Obiang Nguema Mbassogo, le pr\u00e9sident de la R\u00e9publique de Guin\u00e9e \u00e9quatoriale au si\u00e8ge du Secr\u00e9tariat du CISSA, le 20 f\u00e9vrier 2023, suivie d&#8217;un d\u00e9jeuner sp\u00e9cial&#8230;<\/p>\n","protected":false},"author":1,"featured_media":0,"parent":0,"menu_order":0,"comment_status":"closed","ping_status":"closed","template":"","meta":{"_kadence_starter_templates_imported_post":false,"_kad_post_transparent":"disable","_kad_post_title":"hide","_kad_post_layout":"fullwidth","_kad_post_sidebar_id":"","_kad_post_content_style":"unboxed","_kad_post_vertical_padding":"hide","_kad_post_feature":"hide","_kad_post_feature_position":"","_kad_post_header":false,"_kad_post_footer":false,"_kad_post_classname":"","footnotes":""},"class_list":["post-3843","page","type-page","status-publish","hentry"],"_links":{"self":[{"href":"https:\/\/cissaau.org\/index.php?rest_route=\/wp\/v2\/pages\/3843","targetHints":{"allow":["GET"]}}],"collection":[{"href":"https:\/\/cissaau.org\/index.php?rest_route=\/wp\/v2\/pages"}],"about":[{"href":"https:\/\/cissaau.org\/index.php?rest_route=\/wp\/v2\/types\/page"}],"author":[{"embeddable":true,"href":"https:\/\/cissaau.org\/index.php?rest_route=\/wp\/v2\/users\/1"}],"replies":[{"embeddable":true,"href":"https:\/\/cissaau.org\/index.php?rest_route=%2Fwp%2Fv2%2Fcomments&post=3843"}],"version-history":[{"count":19,"href":"https:\/\/cissaau.org\/index.php?rest_route=\/wp\/v2\/pages\/3843\/revisions"}],"predecessor-version":[{"id":4918,"href":"https:\/\/cissaau.org\/index.php?rest_route=\/wp\/v2\/pages\/3843\/revisions\/4918"}],"wp:attachment":[{"href":"https:\/\/cissaau.org\/index.php?rest_route=%2Fwp%2Fv2%2Fmedia&parent=3843"}],"curies":[{"name":"wp","href":"https:\/\/api.w.org\/{rel}","templated":true}]}}