{"id":3028,"date":"2023-05-08T11:31:53","date_gmt":"2023-05-08T11:31:53","guid":{"rendered":"http:\/\/192.168.40.110\/cissa\/?page_id=3028"},"modified":"2023-10-10T12:53:37","modified_gmt":"2023-10-10T12:53:37","slug":"sommet-extraordinaire","status":"publish","type":"page","link":"https:\/\/cissaau.org\/?page_id=3028&lang=fr","title":{"rendered":"SOMMET EXTRAORDINAIRE"},"content":{"rendered":"\t\t<div data-elementor-type=\"wp-page\" data-elementor-id=\"3028\" class=\"elementor elementor-3028\">\n\t\t\t\t\t\t<section class=\"elementor-section elementor-top-section elementor-element elementor-element-45f0548 elementor-section-full_width elementor-section-stretched elementor-section-height-default elementor-section-height-default\" data-id=\"45f0548\" data-element_type=\"section\" data-e-type=\"section\" data-settings=\"{&quot;stretch_section&quot;:&quot;section-stretched&quot;,&quot;background_background&quot;:&quot;classic&quot;}\">\n\t\t\t\t\t\t<div class=\"elementor-container elementor-column-gap-no\">\n\t\t\t\t\t<div class=\"elementor-column elementor-col-100 elementor-top-column elementor-element elementor-element-445eb86\" data-id=\"445eb86\" data-element_type=\"column\" data-e-type=\"column\">\n\t\t\t<div class=\"elementor-widget-wrap elementor-element-populated\">\n\t\t\t\t\t\t<section class=\"elementor-section elementor-inner-section elementor-element elementor-element-4f7dc69 elementor-section-full_width elementor-section-height-default elementor-section-height-default\" data-id=\"4f7dc69\" data-element_type=\"section\" data-e-type=\"section\">\n\t\t\t\t\t\t<div class=\"elementor-container elementor-column-gap-default\">\n\t\t\t\t\t<div class=\"elementor-column elementor-col-50 elementor-inner-column elementor-element elementor-element-b44ffd7\" data-id=\"b44ffd7\" data-element_type=\"column\" data-e-type=\"column\" data-settings=\"{&quot;background_background&quot;:&quot;classic&quot;}\">\n\t\t\t<div class=\"elementor-widget-wrap elementor-element-populated\">\n\t\t\t\t\t\t<div class=\"elementor-element elementor-element-b3ecc09 elementor-widget elementor-widget-heading\" data-id=\"b3ecc09\" data-element_type=\"widget\" data-e-type=\"widget\" data-widget_type=\"heading.default\">\n\t\t\t\t<div class=\"elementor-widget-container\">\n\t\t\t\t\t<h2 class=\"elementor-heading-title elementor-size-xl\">SOMMET EXTRAORDINAIRE<\/h2>\t\t\t\t<\/div>\n\t\t\t\t<\/div>\n\t\t\t\t\t<\/div>\n\t\t<\/div>\n\t\t\t\t<div class=\"elementor-column elementor-col-50 elementor-inner-column elementor-element elementor-element-dd258e9\" data-id=\"dd258e9\" data-element_type=\"column\" data-e-type=\"column\">\n\t\t\t<div class=\"elementor-widget-wrap\">\n\t\t\t\t\t\t\t<\/div>\n\t\t<\/div>\n\t\t\t\t\t<\/div>\n\t\t<\/section>\n\t\t\t\t\t<\/div>\n\t\t<\/div>\n\t\t\t\t\t<\/div>\n\t\t<\/section>\n\t\t\t\t<section class=\"elementor-section elementor-top-section elementor-element elementor-element-2676049c elementor-section-boxed elementor-section-height-default elementor-section-height-default\" data-id=\"2676049c\" data-element_type=\"section\" data-e-type=\"section\">\n\t\t\t\t\t\t<div class=\"elementor-container elementor-column-gap-default\">\n\t\t\t\t\t<div class=\"elementor-column elementor-col-100 elementor-top-column elementor-element elementor-element-8b8e27e\" data-id=\"8b8e27e\" data-element_type=\"column\" data-e-type=\"column\">\n\t\t\t<div class=\"elementor-widget-wrap elementor-element-populated\">\n\t\t\t\t\t\t<div class=\"elementor-element elementor-element-24353a94 elementor-widget elementor-widget-text-editor\" data-id=\"24353a94\" data-element_type=\"widget\" data-e-type=\"widget\" data-widget_type=\"text-editor.default\">\n\t\t\t\t<div class=\"elementor-widget-container\">\n\t\t\t\t\t\t\t\t\t<p><\/p>\n<p>Le Sommets extraordinaires de l&#8217;Union africaine (UA) ont eu lieu \u00e0 Malabo, en Guin\u00e9e \u00e9quatoriale, du 27 au 28 mai 2022. Un sommet humanitaire extraordinaire et une Conf\u00e9rence des donateurs ont eu lieu le 27 mai, tandis que le sommet extraordinaire sur le terrorisme et les changements anticonstitutionnels en Afrique a eu lieu le 28 mai. Les sessions ont eu lieu au Centre de Conf\u00e9rence de Sipopo.<\/p>\n<p><\/p>\t\t\t\t\t\t\t\t<\/div>\n\t\t\t\t<\/div>\n\t\t\t\t\t<\/div>\n\t\t<\/div>\n\t\t\t\t\t<\/div>\n\t\t<\/section>\n\t\t\t\t<section class=\"elementor-section elementor-top-section elementor-element elementor-element-d0766fb elementor-section-boxed elementor-section-height-default elementor-section-height-default\" data-id=\"d0766fb\" data-element_type=\"section\" data-e-type=\"section\">\n\t\t\t\t\t\t<div class=\"elementor-container elementor-column-gap-default\">\n\t\t\t\t\t<div class=\"elementor-column elementor-col-100 elementor-top-column elementor-element elementor-element-a41d7a0\" data-id=\"a41d7a0\" data-element_type=\"column\" data-e-type=\"column\">\n\t\t\t<div class=\"elementor-widget-wrap\">\n\t\t\t\t\t\t\t<\/div>\n\t\t<\/div>\n\t\t\t\t\t<\/div>\n\t\t<\/section>\n\t\t\t\t<\/div>\n\t\t","protected":false},"excerpt":{"rendered":"<p>SOMMET EXTRAORDINAIRE Le Sommets extraordinaires de l&#8217;Union africaine (UA) ont eu lieu \u00e0 Malabo, en Guin\u00e9e \u00e9quatoriale, du 27 au 28 mai 2022. Un sommet humanitaire extraordinaire et une Conf\u00e9rence des donateurs ont eu lieu le 27 mai, tandis que le sommet extraordinaire sur le terrorisme et les changements anticonstitutionnels en Afrique a eu lieu&#8230;<\/p>\n","protected":false},"author":1,"featured_media":0,"parent":0,"menu_order":0,"comment_status":"closed","ping_status":"closed","template":"","meta":{"_kadence_starter_templates_imported_post":false,"_kad_post_transparent":"","_kad_post_title":"hide","_kad_post_layout":"fullwidth","_kad_post_sidebar_id":"","_kad_post_content_style":"unboxed","_kad_post_vertical_padding":"hide","_kad_post_feature":"hide","_kad_post_feature_position":"","_kad_post_header":false,"_kad_post_footer":false,"_kad_post_classname":"","footnotes":""},"class_list":["post-3028","page","type-page","status-publish","hentry"],"_links":{"self":[{"href":"https:\/\/cissaau.org\/index.php?rest_route=\/wp\/v2\/pages\/3028","targetHints":{"allow":["GET"]}}],"collection":[{"href":"https:\/\/cissaau.org\/index.php?rest_route=\/wp\/v2\/pages"}],"about":[{"href":"https:\/\/cissaau.org\/index.php?rest_route=\/wp\/v2\/types\/page"}],"author":[{"embeddable":true,"href":"https:\/\/cissaau.org\/index.php?rest_route=\/wp\/v2\/users\/1"}],"replies":[{"embeddable":true,"href":"https:\/\/cissaau.org\/index.php?rest_route=%2Fwp%2Fv2%2Fcomments&post=3028"}],"version-history":[{"count":13,"href":"https:\/\/cissaau.org\/index.php?rest_route=\/wp\/v2\/pages\/3028\/revisions"}],"predecessor-version":[{"id":4004,"href":"https:\/\/cissaau.org\/index.php?rest_route=\/wp\/v2\/pages\/3028\/revisions\/4004"}],"wp:attachment":[{"href":"https:\/\/cissaau.org\/index.php?rest_route=%2Fwp%2Fv2%2Fmedia&parent=3028"}],"curies":[{"name":"wp","href":"https:\/\/api.w.org\/{rel}","templated":true}]}}