{"id":2133,"date":"2023-01-18T18:43:13","date_gmt":"2023-01-18T18:43:13","guid":{"rendered":"http:\/\/127.0.0.1\/cissa\/?page_id=2133"},"modified":"2023-10-17T09:46:25","modified_gmt":"2023-10-17T09:46:25","slug":"painel-de-especialistas","status":"publish","type":"page","link":"https:\/\/cissaau.org\/?page_id=2133&lang=pt","title":{"rendered":"Painel de especialistas"},"content":{"rendered":"\t\t<div data-elementor-type=\"wp-page\" data-elementor-id=\"2133\" class=\"elementor elementor-2133\">\n\t\t\t\t\t\t<section class=\"elementor-section elementor-top-section elementor-element elementor-element-f9c019f elementor-section-full_width elementor-section-stretched elementor-section-height-default elementor-section-height-default\" data-id=\"f9c019f\" data-element_type=\"section\" data-e-type=\"section\" data-settings=\"{&quot;stretch_section&quot;:&quot;section-stretched&quot;,&quot;background_background&quot;:&quot;classic&quot;}\">\n\t\t\t\t\t\t<div class=\"elementor-container elementor-column-gap-no\">\n\t\t\t\t\t<div class=\"elementor-column elementor-col-100 elementor-top-column elementor-element elementor-element-a3fff56\" data-id=\"a3fff56\" data-element_type=\"column\" data-e-type=\"column\">\n\t\t\t<div class=\"elementor-widget-wrap elementor-element-populated\">\n\t\t\t\t\t\t<section class=\"elementor-section elementor-inner-section elementor-element elementor-element-674b347 elementor-section-full_width elementor-section-height-default elementor-section-height-default\" data-id=\"674b347\" data-element_type=\"section\" data-e-type=\"section\">\n\t\t\t\t\t\t<div class=\"elementor-container elementor-column-gap-default\">\n\t\t\t\t\t<div class=\"elementor-column elementor-col-50 elementor-inner-column elementor-element elementor-element-f481ec6\" data-id=\"f481ec6\" data-element_type=\"column\" data-e-type=\"column\" data-settings=\"{&quot;background_background&quot;:&quot;classic&quot;}\">\n\t\t\t<div class=\"elementor-widget-wrap elementor-element-populated\">\n\t\t\t\t\t\t<div class=\"elementor-element elementor-element-9cb2661 elementor-widget elementor-widget-heading\" data-id=\"9cb2661\" data-element_type=\"widget\" data-e-type=\"widget\" data-widget_type=\"heading.default\">\n\t\t\t\t<div class=\"elementor-widget-container\">\n\t\t\t\t\t<h2 class=\"elementor-heading-title elementor-size-xl\">Painel de Peritos (PdP)\n<\/h2>\t\t\t\t<\/div>\n\t\t\t\t<\/div>\n\t\t\t\t\t<\/div>\n\t\t<\/div>\n\t\t\t\t<div class=\"elementor-column elementor-col-50 elementor-inner-column elementor-element elementor-element-c781561\" data-id=\"c781561\" data-element_type=\"column\" data-e-type=\"column\">\n\t\t\t<div class=\"elementor-widget-wrap\">\n\t\t\t\t\t\t\t<\/div>\n\t\t<\/div>\n\t\t\t\t\t<\/div>\n\t\t<\/section>\n\t\t\t\t\t<\/div>\n\t\t<\/div>\n\t\t\t\t\t<\/div>\n\t\t<\/section>\n\t\t\t\t<section class=\"elementor-section elementor-top-section elementor-element elementor-element-a8216c8 elementor-section-boxed elementor-section-height-default elementor-section-height-default\" data-id=\"a8216c8\" data-element_type=\"section\" data-e-type=\"section\">\n\t\t\t\t\t\t<div class=\"elementor-container elementor-column-gap-default\">\n\t\t\t\t\t<div class=\"elementor-column elementor-col-100 elementor-top-column elementor-element elementor-element-1147ce7\" data-id=\"1147ce7\" data-element_type=\"column\" data-e-type=\"column\" data-settings=\"{&quot;background_background&quot;:&quot;classic&quot;}\">\n\t\t\t<div class=\"elementor-widget-wrap elementor-element-populated\">\n\t\t\t\t\t\t<div class=\"elementor-element elementor-element-b167741 elementor-widget elementor-widget-heading\" data-id=\"b167741\" data-element_type=\"widget\" data-e-type=\"widget\" data-widget_type=\"heading.default\">\n\t\t\t\t<div class=\"elementor-widget-container\">\n\t\t\t\t\t<h2 class=\"elementor-heading-title elementor-size-default\">Papel e fun\u00e7\u00f5es do Painel de Peritos (PdP)<\/h2>\t\t\t\t<\/div>\n\t\t\t\t<\/div>\n\t\t\t\t<div class=\"elementor-element elementor-element-052a834 elementor-widget elementor-widget-text-editor\" data-id=\"052a834\" data-element_type=\"widget\" data-e-type=\"widget\" data-widget_type=\"text-editor.default\">\n\t\t\t\t<div class=\"elementor-widget-container\">\n\t\t\t\t\t\t\t\t\t<p>O PdP, constitu\u00eddo por representantes seniores de cada Membro do CISSA, \u00e9 respons\u00e1vel por analisar as actividades do Secretariado entre confer\u00eancias, preparar a agenda e o programa da confer\u00eancia, assegurar a implementa\u00e7\u00e3o das decis\u00f5es e fazer recomenda\u00e7\u00f5es sobre o or\u00e7amento proposto. O PdP pode delegar algumas fun\u00e7\u00f5es a Comit\u00e9s T\u00e9cnicos Especializados e desempenhar outras fun\u00e7\u00f5es atribu\u00eddas pela Confer\u00eancia ou previstas no seu Regulamento.<\/p>\t\t\t\t\t\t\t\t<\/div>\n\t\t\t\t<\/div>\n\t\t\t\t\t<\/div>\n\t\t<\/div>\n\t\t\t\t\t<\/div>\n\t\t<\/section>\n\t\t\t\t<\/div>\n\t\t","protected":false},"excerpt":{"rendered":"<p>Painel de Peritos (PdP) Papel e fun\u00e7\u00f5es do Painel de Peritos (PdP) O PdP, constitu\u00eddo por representantes seniores de cada Membro do CISSA, \u00e9 respons\u00e1vel por analisar as actividades do Secretariado entre confer\u00eancias, preparar a agenda e o programa da confer\u00eancia, assegurar a implementa\u00e7\u00e3o das decis\u00f5es e fazer recomenda\u00e7\u00f5es sobre o or\u00e7amento proposto. O PdP&#8230;<\/p>\n","protected":false},"author":1,"featured_media":0,"parent":0,"menu_order":0,"comment_status":"closed","ping_status":"closed","template":"","meta":{"_kadence_starter_templates_imported_post":false,"_kad_post_transparent":"","_kad_post_title":"hide","_kad_post_layout":"fullwidth","_kad_post_sidebar_id":"","_kad_post_content_style":"unboxed","_kad_post_vertical_padding":"hide","_kad_post_feature":"hide","_kad_post_feature_position":"","_kad_post_header":false,"_kad_post_footer":false,"_kad_post_classname":"","footnotes":""},"class_list":["post-2133","page","type-page","status-publish","hentry"],"_links":{"self":[{"href":"https:\/\/cissaau.org\/index.php?rest_route=\/wp\/v2\/pages\/2133","targetHints":{"allow":["GET"]}}],"collection":[{"href":"https:\/\/cissaau.org\/index.php?rest_route=\/wp\/v2\/pages"}],"about":[{"href":"https:\/\/cissaau.org\/index.php?rest_route=\/wp\/v2\/types\/page"}],"author":[{"embeddable":true,"href":"https:\/\/cissaau.org\/index.php?rest_route=\/wp\/v2\/users\/1"}],"replies":[{"embeddable":true,"href":"https:\/\/cissaau.org\/index.php?rest_route=%2Fwp%2Fv2%2Fcomments&post=2133"}],"version-history":[{"count":14,"href":"https:\/\/cissaau.org\/index.php?rest_route=\/wp\/v2\/pages\/2133\/revisions"}],"predecessor-version":[{"id":5114,"href":"https:\/\/cissaau.org\/index.php?rest_route=\/wp\/v2\/pages\/2133\/revisions\/5114"}],"wp:attachment":[{"href":"https:\/\/cissaau.org\/index.php?rest_route=%2Fwp%2Fv2%2Fmedia&parent=2133"}],"curies":[{"name":"wp","href":"https:\/\/api.w.org\/{rel}","templated":true}]}}