{"id":2121,"date":"2023-01-18T18:41:15","date_gmt":"2023-01-18T18:41:15","guid":{"rendered":"http:\/\/127.0.0.1\/cissa\/?page_id=2121"},"modified":"2023-10-16T10:56:43","modified_gmt":"2023-10-16T10:56:43","slug":"funcoes","status":"publish","type":"page","link":"https:\/\/cissaau.org\/?page_id=2121&lang=pt","title":{"rendered":"Fun\u00e7\u00f5es"},"content":{"rendered":"\t\t<div data-elementor-type=\"wp-page\" data-elementor-id=\"2121\" class=\"elementor elementor-2121\">\n\t\t\t\t\t\t<section class=\"elementor-section elementor-top-section elementor-element elementor-element-86fbb84 elementor-section-full_width elementor-section-stretched elementor-section-height-default elementor-section-height-default\" data-id=\"86fbb84\" data-element_type=\"section\" data-e-type=\"section\" data-settings=\"{&quot;stretch_section&quot;:&quot;section-stretched&quot;,&quot;background_background&quot;:&quot;classic&quot;}\">\n\t\t\t\t\t\t<div class=\"elementor-container elementor-column-gap-no\">\n\t\t\t\t\t<div class=\"elementor-column elementor-col-100 elementor-top-column elementor-element elementor-element-1fc60d6\" data-id=\"1fc60d6\" data-element_type=\"column\" data-e-type=\"column\">\n\t\t\t<div class=\"elementor-widget-wrap elementor-element-populated\">\n\t\t\t\t\t\t<section class=\"elementor-section elementor-inner-section elementor-element elementor-element-f577c2d elementor-section-full_width elementor-section-height-default elementor-section-height-default\" data-id=\"f577c2d\" data-element_type=\"section\" data-e-type=\"section\">\n\t\t\t\t\t\t<div class=\"elementor-container elementor-column-gap-default\">\n\t\t\t\t\t<div class=\"elementor-column elementor-col-33 elementor-inner-column elementor-element elementor-element-a8da2c8\" data-id=\"a8da2c8\" data-element_type=\"column\" data-e-type=\"column\" data-settings=\"{&quot;background_background&quot;:&quot;classic&quot;}\">\n\t\t\t<div class=\"elementor-widget-wrap elementor-element-populated\">\n\t\t\t\t\t\t<div class=\"elementor-element elementor-element-4a41002 elementor-widget elementor-widget-heading\" data-id=\"4a41002\" data-element_type=\"widget\" data-e-type=\"widget\" data-widget_type=\"heading.default\">\n\t\t\t\t<div class=\"elementor-widget-container\">\n\t\t\t\t\t<h2 class=\"elementor-heading-title elementor-size-xl\">FUN\u00c7\u00d5ES<\/h2>\t\t\t\t<\/div>\n\t\t\t\t<\/div>\n\t\t\t\t\t<\/div>\n\t\t<\/div>\n\t\t\t\t<div class=\"elementor-column elementor-col-33 elementor-inner-column elementor-element elementor-element-f5ff562\" data-id=\"f5ff562\" data-element_type=\"column\" data-e-type=\"column\">\n\t\t\t<div class=\"elementor-widget-wrap\">\n\t\t\t\t\t\t\t<\/div>\n\t\t<\/div>\n\t\t\t\t<div class=\"elementor-column elementor-col-33 elementor-inner-column elementor-element elementor-element-eb6b90a\" data-id=\"eb6b90a\" data-element_type=\"column\" data-e-type=\"column\">\n\t\t\t<div class=\"elementor-widget-wrap\">\n\t\t\t\t\t\t\t<\/div>\n\t\t<\/div>\n\t\t\t\t\t<\/div>\n\t\t<\/section>\n\t\t\t\t\t<\/div>\n\t\t<\/div>\n\t\t\t\t\t<\/div>\n\t\t<\/section>\n\t\t\t\t<section class=\"elementor-section elementor-top-section elementor-element elementor-element-8ec6352 elementor-section-boxed elementor-section-height-default elementor-section-height-default\" data-id=\"8ec6352\" data-element_type=\"section\" data-e-type=\"section\">\n\t\t\t\t\t\t<div class=\"elementor-container elementor-column-gap-default\">\n\t\t\t\t\t<div class=\"elementor-column elementor-col-50 elementor-top-column elementor-element elementor-element-9991359\" data-id=\"9991359\" data-element_type=\"column\" data-e-type=\"column\">\n\t\t\t<div class=\"elementor-widget-wrap elementor-element-populated\">\n\t\t\t\t\t\t<div class=\"elementor-element elementor-element-61d9201 elementor-widget elementor-widget-heading\" data-id=\"61d9201\" data-element_type=\"widget\" data-e-type=\"widget\" data-widget_type=\"heading.default\">\n\t\t\t\t<div class=\"elementor-widget-container\">\n\t\t\t\t\t<h2 class=\"elementor-heading-title elementor-size-default\">Aquisi\u00e7\u00e3o, processamento, an\u00e1lise e difus\u00e3o de informa\u00e7\u00f5es atrav\u00e9s do Secretariado sobre qualquer tipo de amea\u00e7a, em conformidade com a decis\u00e3o da Confer\u00eancia<\/h2>\t\t\t\t<\/div>\n\t\t\t\t<\/div>\n\t\t\t\t<div class=\"elementor-element elementor-element-a666eba elementor-widget elementor-widget-text-editor\" data-id=\"a666eba\" data-element_type=\"widget\" data-e-type=\"widget\" data-widget_type=\"text-editor.default\">\n\t\t\t\t<div class=\"elementor-widget-container\">\n\t\t\t\t\t\t\t\t\t<ul><li>Facilitar a realiza\u00e7\u00e3o de capacita\u00e7\u00f5es e harmonizar abordagens \u00e0s amea\u00e7as comuns \u00e0 seguran\u00e7a.<\/li><li>Coordenar estrat\u00e9gias de aconselhamento sobre medidas adequadas a tomar relactivas \u00e0 quest\u00f5es do seu mandato.<\/li><li>Refor\u00e7ar o desenvolvimento de uma doutrina de seguran\u00e7a africana ind\u00edgena, com vista a estabelecer uma base comum de estudo e an\u00e1lise dos fen\u00f3menos e factores prejudiciais \u00e0 estabilidade dos membros.<\/li><li>Qualquer outra fun\u00e7\u00e3o delegada pela Comiss\u00e3o da UA.<\/li><\/ul>\t\t\t\t\t\t\t\t<\/div>\n\t\t\t\t<\/div>\n\t\t\t\t\t<\/div>\n\t\t<\/div>\n\t\t\t\t<div class=\"elementor-column elementor-col-50 elementor-top-column elementor-element elementor-element-1d97c5b\" data-id=\"1d97c5b\" data-element_type=\"column\" data-e-type=\"column\" data-settings=\"{&quot;background_background&quot;:&quot;classic&quot;}\">\n\t\t\t<div class=\"elementor-widget-wrap elementor-element-populated\">\n\t\t\t\t\t\t<section class=\"elementor-section elementor-inner-section elementor-element elementor-element-3e36954 elementor-section-boxed elementor-section-height-default elementor-section-height-default\" data-id=\"3e36954\" data-element_type=\"section\" data-e-type=\"section\">\n\t\t\t\t\t\t<div class=\"elementor-container elementor-column-gap-default\">\n\t\t\t\t\t<div class=\"elementor-column elementor-col-100 elementor-inner-column elementor-element elementor-element-492958d\" data-id=\"492958d\" data-element_type=\"column\" data-e-type=\"column\" data-settings=\"{&quot;background_background&quot;:&quot;classic&quot;}\">\n\t\t\t<div class=\"elementor-widget-wrap elementor-element-populated\">\n\t\t\t\t\t\t<div class=\"elementor-element elementor-element-a442aba elementor-widget elementor-widget-heading\" data-id=\"a442aba\" data-element_type=\"widget\" data-e-type=\"widget\" data-widget_type=\"heading.default\">\n\t\t\t\t<div class=\"elementor-widget-container\">\n\t\t\t\t\t<h2 class=\"elementor-heading-title elementor-size-default\">VIS\u00c3O<\/h2>\t\t\t\t<\/div>\n\t\t\t\t<\/div>\n\t\t\t\t<div class=\"elementor-element elementor-element-61566f1 elementor-widget elementor-widget-text-editor\" data-id=\"61566f1\" data-element_type=\"widget\" data-e-type=\"widget\" data-widget_type=\"text-editor.default\">\n\t\t\t\t<div class=\"elementor-widget-container\">\n\t\t\t\t\t\t\t\t\t<p>Ser o principal fornecedor de informa\u00e7\u00f5es de intelig\u00eancia aos \u00f3rg\u00e3os de formula\u00e7\u00e3o de pol\u00edticas da Uni\u00e3o Africana (UA), refor\u00e7ando assim a sua capacidade de aprofundar e preservar a estabilidade em \u00c1frica.<\/p>\t\t\t\t\t\t\t\t<\/div>\n\t\t\t\t<\/div>\n\t\t\t\t\t<\/div>\n\t\t<\/div>\n\t\t\t\t\t<\/div>\n\t\t<\/section>\n\t\t\t\t<section class=\"elementor-section elementor-inner-section elementor-element elementor-element-14bf57a elementor-section-full_width elementor-section-content-top elementor-section-height-default elementor-section-height-default\" data-id=\"14bf57a\" data-element_type=\"section\" data-e-type=\"section\">\n\t\t\t\t\t\t<div class=\"elementor-container elementor-column-gap-default\">\n\t\t\t\t\t<div class=\"elementor-column elementor-col-100 elementor-inner-column elementor-element elementor-element-c68c616\" data-id=\"c68c616\" data-element_type=\"column\" data-e-type=\"column\" data-settings=\"{&quot;background_background&quot;:&quot;classic&quot;}\">\n\t\t\t<div class=\"elementor-widget-wrap elementor-element-populated\">\n\t\t\t\t\t\t<div class=\"elementor-element elementor-element-d1427a0 elementor-widget elementor-widget-heading\" data-id=\"d1427a0\" data-element_type=\"widget\" data-e-type=\"widget\" data-widget_type=\"heading.default\">\n\t\t\t\t<div class=\"elementor-widget-container\">\n\t\t\t\t\t<h2 class=\"elementor-heading-title elementor-size-default\">MISS\u00c3O<\/h2>\t\t\t\t<\/div>\n\t\t\t\t<\/div>\n\t\t\t\t<div class=\"elementor-element elementor-element-e38cb5e elementor-widget elementor-widget-text-editor\" data-id=\"e38cb5e\" data-element_type=\"widget\" data-e-type=\"widget\" data-widget_type=\"text-editor.default\">\n\t\t\t\t<div class=\"elementor-widget-container\">\n\t\t\t\t\t\t\t\t\t<p>Coordenar informa\u00e7\u00f5es de intelig\u00eancia, bem como promover a coopera\u00e7\u00e3o, medidas de constru\u00e7\u00e3o de confian\u00e7a e refor\u00e7o em mat\u00e9ria de capacita\u00e7\u00f5es entre os Servi\u00e7os de Informa\u00e7\u00f5es e Seguran\u00e7a de \u00c1frica<\/p>\t\t\t\t\t\t\t\t<\/div>\n\t\t\t\t<\/div>\n\t\t\t\t\t<\/div>\n\t\t<\/div>\n\t\t\t\t\t<\/div>\n\t\t<\/section>\n\t\t\t\t\t<\/div>\n\t\t<\/div>\n\t\t\t\t\t<\/div>\n\t\t<\/section>\n\t\t\t\t<\/div>\n\t\t","protected":false},"excerpt":{"rendered":"<p>FUN\u00c7\u00d5ES Aquisi\u00e7\u00e3o, processamento, an\u00e1lise e difus\u00e3o de informa\u00e7\u00f5es atrav\u00e9s do Secretariado sobre qualquer tipo de amea\u00e7a, em conformidade com a decis\u00e3o da Confer\u00eancia Facilitar a realiza\u00e7\u00e3o de capacita\u00e7\u00f5es e harmonizar abordagens \u00e0s amea\u00e7as comuns \u00e0 seguran\u00e7a. Coordenar estrat\u00e9gias de aconselhamento sobre medidas adequadas a tomar relactivas \u00e0 quest\u00f5es do seu mandato. Refor\u00e7ar o desenvolvimento de&#8230;<\/p>\n","protected":false},"author":1,"featured_media":0,"parent":0,"menu_order":0,"comment_status":"closed","ping_status":"closed","template":"","meta":{"_kadence_starter_templates_imported_post":false,"_kad_post_transparent":"","_kad_post_title":"hide","_kad_post_layout":"fullwidth","_kad_post_sidebar_id":"","_kad_post_content_style":"unboxed","_kad_post_vertical_padding":"hide","_kad_post_feature":"hide","_kad_post_feature_position":"","_kad_post_header":false,"_kad_post_footer":false,"_kad_post_classname":"","footnotes":""},"class_list":["post-2121","page","type-page","status-publish","hentry"],"_links":{"self":[{"href":"https:\/\/cissaau.org\/index.php?rest_route=\/wp\/v2\/pages\/2121","targetHints":{"allow":["GET"]}}],"collection":[{"href":"https:\/\/cissaau.org\/index.php?rest_route=\/wp\/v2\/pages"}],"about":[{"href":"https:\/\/cissaau.org\/index.php?rest_route=\/wp\/v2\/types\/page"}],"author":[{"embeddable":true,"href":"https:\/\/cissaau.org\/index.php?rest_route=\/wp\/v2\/users\/1"}],"replies":[{"embeddable":true,"href":"https:\/\/cissaau.org\/index.php?rest_route=%2Fwp%2Fv2%2Fcomments&post=2121"}],"version-history":[{"count":10,"href":"https:\/\/cissaau.org\/index.php?rest_route=\/wp\/v2\/pages\/2121\/revisions"}],"predecessor-version":[{"id":5072,"href":"https:\/\/cissaau.org\/index.php?rest_route=\/wp\/v2\/pages\/2121\/revisions\/5072"}],"wp:attachment":[{"href":"https:\/\/cissaau.org\/index.php?rest_route=%2Fwp%2Fv2%2Fmedia&parent=2121"}],"curies":[{"name":"wp","href":"https:\/\/api.w.org\/{rel}","templated":true}]}}