{"id":2117,"date":"2023-01-18T18:40:36","date_gmt":"2023-01-18T18:40:36","guid":{"rendered":"http:\/\/127.0.0.1\/cissa\/?page_id=2117"},"modified":"2023-10-16T10:46:01","modified_gmt":"2023-10-16T10:46:01","slug":"historia","status":"publish","type":"page","link":"https:\/\/cissaau.org\/?page_id=2117&lang=pt","title":{"rendered":"Hist\u00f3ria"},"content":{"rendered":"\t\t<div data-elementor-type=\"wp-page\" data-elementor-id=\"2117\" class=\"elementor elementor-2117\">\n\t\t\t\t\t\t<section class=\"elementor-section elementor-top-section elementor-element elementor-element-8c3c3ad elementor-section-full_width elementor-section-stretched elementor-section-height-default elementor-section-height-default\" data-id=\"8c3c3ad\" data-element_type=\"section\" data-e-type=\"section\" data-settings=\"{&quot;stretch_section&quot;:&quot;section-stretched&quot;,&quot;background_background&quot;:&quot;classic&quot;}\">\n\t\t\t\t\t\t<div class=\"elementor-container elementor-column-gap-no\">\n\t\t\t\t\t<div class=\"elementor-column elementor-col-100 elementor-top-column elementor-element elementor-element-e940275\" data-id=\"e940275\" data-element_type=\"column\" data-e-type=\"column\">\n\t\t\t<div class=\"elementor-widget-wrap elementor-element-populated\">\n\t\t\t\t\t\t<section class=\"elementor-section elementor-inner-section elementor-element elementor-element-ffe3d33 elementor-section-full_width elementor-section-height-default elementor-section-height-default\" data-id=\"ffe3d33\" data-element_type=\"section\" data-e-type=\"section\">\n\t\t\t\t\t\t<div class=\"elementor-container elementor-column-gap-default\">\n\t\t\t\t\t<div class=\"elementor-column elementor-col-33 elementor-inner-column elementor-element elementor-element-3b1fbe6\" data-id=\"3b1fbe6\" data-element_type=\"column\" data-e-type=\"column\" data-settings=\"{&quot;background_background&quot;:&quot;classic&quot;}\">\n\t\t\t<div class=\"elementor-widget-wrap elementor-element-populated\">\n\t\t\t\t\t\t<div class=\"elementor-element elementor-element-88bd687 elementor-widget elementor-widget-heading\" data-id=\"88bd687\" data-element_type=\"widget\" data-e-type=\"widget\" data-widget_type=\"heading.default\">\n\t\t\t\t<div class=\"elementor-widget-container\">\n\t\t\t\t\t<h2 class=\"elementor-heading-title elementor-size-xl\">HIST\u00d3RIA DO CISSA<\/h2>\t\t\t\t<\/div>\n\t\t\t\t<\/div>\n\t\t\t\t\t<\/div>\n\t\t<\/div>\n\t\t\t\t<div class=\"elementor-column elementor-col-33 elementor-inner-column elementor-element elementor-element-f0fbf0a\" data-id=\"f0fbf0a\" data-element_type=\"column\" data-e-type=\"column\">\n\t\t\t<div class=\"elementor-widget-wrap\">\n\t\t\t\t\t\t\t<\/div>\n\t\t<\/div>\n\t\t\t\t<div class=\"elementor-column elementor-col-33 elementor-inner-column elementor-element elementor-element-d1e2fdc\" data-id=\"d1e2fdc\" data-element_type=\"column\" data-e-type=\"column\">\n\t\t\t<div class=\"elementor-widget-wrap\">\n\t\t\t\t\t\t\t<\/div>\n\t\t<\/div>\n\t\t\t\t\t<\/div>\n\t\t<\/section>\n\t\t\t\t\t<\/div>\n\t\t<\/div>\n\t\t\t\t\t<\/div>\n\t\t<\/section>\n\t\t\t\t<section class=\"elementor-section elementor-top-section elementor-element elementor-element-b15bc4d elementor-section-boxed elementor-section-height-default elementor-section-height-default\" data-id=\"b15bc4d\" data-element_type=\"section\" data-e-type=\"section\" data-settings=\"{&quot;background_background&quot;:&quot;classic&quot;}\">\n\t\t\t\t\t\t\t<div class=\"elementor-background-overlay\"><\/div>\n\t\t\t\t\t\t\t<div class=\"elementor-container elementor-column-gap-default\">\n\t\t\t\t\t<div class=\"elementor-column elementor-col-50 elementor-top-column elementor-element elementor-element-c47bd57\" data-id=\"c47bd57\" data-element_type=\"column\" data-e-type=\"column\" data-settings=\"{&quot;background_background&quot;:&quot;classic&quot;}\">\n\t\t\t<div class=\"elementor-widget-wrap elementor-element-populated\">\n\t\t\t\t\t\t<div class=\"elementor-element elementor-element-e26d8aa elementor-widget elementor-widget-heading\" data-id=\"e26d8aa\" data-element_type=\"widget\" data-e-type=\"widget\" data-widget_type=\"heading.default\">\n\t\t\t\t<div class=\"elementor-widget-container\">\n\t\t\t\t\t<h2 class=\"elementor-heading-title elementor-size-default\">HIST\u00d3RIA<\/h2>\t\t\t\t<\/div>\n\t\t\t\t<\/div>\n\t\t\t\t<div class=\"elementor-element elementor-element-b28e616 elementor-widget elementor-widget-text-editor\" data-id=\"b28e616\" data-element_type=\"widget\" data-e-type=\"widget\" data-widget_type=\"text-editor.default\">\n\t\t\t\t<div class=\"elementor-widget-container\">\n\t\t\t\t\t\t\t\t\t<p>O CISSA foi criado pelos Chefes dos Servi\u00e7os de Informa\u00e7\u00f5es e Seguran\u00e7a de \u00c1frica devido \u00e0 crescente consciencializa\u00e7\u00e3o da import\u00e2ncia e do valor pr\u00e1tico do multilateralismo cooperativo e construtivo.<\/p><p>Foi criado a 26 de Agosto de 2004 em Abuja, Nig\u00e9ria, pelos Chefes dos Servi\u00e7os de Informa\u00e7\u00f5es e Seguran\u00e7a de \u00c1frica. O objectivo do CISSA \u00e9 ajudar a Uni\u00e3o Africana e todas as suas institui\u00e7\u00f5es a fazer face, de forma eficaz, aos desafios \u00e0 seguran\u00e7a aparentemente intrat\u00e1veis com que \u00c1frica se confronta. Foi, igualmente, concebido como um mecanismo de di\u00e1logo, estudo, an\u00e1lise, consultoria, concerta\u00e7\u00e3o e adop\u00e7\u00e3o de estrat\u00e9gias comuns para os desafios \u00e0 seguran\u00e7a comuns entre as organiza\u00e7\u00f5es de informa\u00e7\u00f5es e seguran\u00e7a de \u00c1frica;<\/p>\t\t\t\t\t\t\t\t<\/div>\n\t\t\t\t<\/div>\n\t\t\t\t<div class=\"elementor-element elementor-element-bd38976 elementor-widget elementor-widget-heading\" data-id=\"bd38976\" data-element_type=\"widget\" data-e-type=\"widget\" data-widget_type=\"heading.default\">\n\t\t\t\t<div class=\"elementor-widget-container\">\n\t\t\t\t\t<h2 class=\"elementor-heading-title elementor-size-default\">Endosso pela UA<\/h2>\t\t\t\t<\/div>\n\t\t\t\t<\/div>\n\t\t\t\t<div class=\"elementor-element elementor-element-6d849c2 elementor-widget elementor-widget-text-editor\" data-id=\"6d849c2\" data-element_type=\"widget\" data-e-type=\"widget\" data-widget_type=\"text-editor.default\">\n\t\t\t\t<div class=\"elementor-widget-container\">\n\t\t\t\t\t\t\t\t\t<p>Durante a Assembleia Intercalar da UA, em Janeiro de 2005, foi endossada a cria\u00e7\u00e3o do CISSA atrav\u00e9s da Decis\u00e3o 62 e foi determinado que este deveria colaborar com a Uni\u00e3o Africana e todas as suas estruturas atrav\u00e9s de um Comit\u00e9 de Informa\u00e7\u00f5es e Seguran\u00e7a (ISC).\u00a0 O ISC, que est\u00e1 localizado no Gabinete do Presidente da Comiss\u00e3o da Uni\u00e3o Africana, \u00e9 o modo de colabora\u00e7\u00e3o com a Uni\u00e3o Africana e todas as suas estruturas.<\/p>\t\t\t\t\t\t\t\t<\/div>\n\t\t\t\t<\/div>\n\t\t\t\t<div class=\"elementor-element elementor-element-5346cac elementor-widget elementor-widget-heading\" data-id=\"5346cac\" data-element_type=\"widget\" data-e-type=\"widget\" data-widget_type=\"heading.default\">\n\t\t\t\t<div class=\"elementor-widget-container\">\n\t\t\t\t\t<h2 class=\"elementor-heading-title elementor-size-default\">VIS\u00c3O<\/h2>\t\t\t\t<\/div>\n\t\t\t\t<\/div>\n\t\t\t\t<div class=\"elementor-element elementor-element-3d4a856 elementor-widget elementor-widget-text-editor\" data-id=\"3d4a856\" data-element_type=\"widget\" data-e-type=\"widget\" data-widget_type=\"text-editor.default\">\n\t\t\t\t<div class=\"elementor-widget-container\">\n\t\t\t\t\t\t\t\t\t<p>Ser o principal fornecedor de informa\u00e7\u00f5es aos \u00f3rg\u00e3os de defini\u00e7\u00e3o de pol\u00edticas da Uni\u00e3o Africana, refor\u00e7ando desta forma a sua capacidade de aprofundar e preservar a estabilidade em \u00c1frica.<\/p>\t\t\t\t\t\t\t\t<\/div>\n\t\t\t\t<\/div>\n\t\t\t\t<div class=\"elementor-element elementor-element-d18a682 elementor-widget elementor-widget-heading\" data-id=\"d18a682\" data-element_type=\"widget\" data-e-type=\"widget\" data-widget_type=\"heading.default\">\n\t\t\t\t<div class=\"elementor-widget-container\">\n\t\t\t\t\t<h2 class=\"elementor-heading-title elementor-size-default\">MISS\u00c3O<\/h2>\t\t\t\t<\/div>\n\t\t\t\t<\/div>\n\t\t\t\t<div class=\"elementor-element elementor-element-6216edb elementor-widget elementor-widget-text-editor\" data-id=\"6216edb\" data-element_type=\"widget\" data-e-type=\"widget\" data-widget_type=\"text-editor.default\">\n\t\t\t\t<div class=\"elementor-widget-container\">\n\t\t\t\t\t\t\t\t\t<p>Coordenar informa\u00e7\u00f5es e promover a coopera\u00e7\u00e3o, medidas de refor\u00e7o da confian\u00e7a e desenvolvimento de capacidades entre os servi\u00e7os de informa\u00e7\u00f5es e seguran\u00e7a de \u00c1frica<\/p>\t\t\t\t\t\t\t\t<\/div>\n\t\t\t\t<\/div>\n\t\t\t\t<div class=\"elementor-element elementor-element-77d2572 elementor-widget elementor-widget-heading\" data-id=\"77d2572\" data-element_type=\"widget\" data-e-type=\"widget\" data-widget_type=\"heading.default\">\n\t\t\t\t<div class=\"elementor-widget-container\">\n\t\t\t\t\t<h2 class=\"elementor-heading-title elementor-size-default\">Objectivos<\/h2>\t\t\t\t<\/div>\n\t\t\t\t<\/div>\n\t\t\t\t<div class=\"elementor-element elementor-element-12bcb90 elementor-widget elementor-widget-text-editor\" data-id=\"12bcb90\" data-element_type=\"widget\" data-e-type=\"widget\" data-widget_type=\"text-editor.default\">\n\t\t\t\t<div class=\"elementor-widget-container\">\n\t\t\t\t\t\t\t\t\t<p>Os objectivos do CISSA s\u00e3o:<\/p><ul><li>Assumir a lideran\u00e7a em mat\u00e9ria de informa\u00e7\u00f5es e de seguran\u00e7a para a promo\u00e7\u00e3o da paz, seguran\u00e7a e estabilidade em \u00c1frica;<\/li><li>Facilitar a coopera\u00e7\u00e3o e interac\u00e7\u00e3o entre servi\u00e7os de informa\u00e7\u00f5es e a troca de informa\u00e7\u00f5es e coordena\u00e7\u00e3o de estrat\u00e9gias sobre todas as amea\u00e7as comuns \u00e0 seguran\u00e7a;<\/li><li>Desenvolver e consolidar medidas de cria\u00e7\u00e3o de confian\u00e7a entre os servi\u00e7os de informa\u00e7\u00f5es e seguran\u00e7a;<\/li><li>Fornecer informa\u00e7\u00f5es estrat\u00e9gicas ao Presidente da CUA e apoiar o CPS;<\/li><li>Servir de plataforma para a coopera\u00e7\u00e3o com organiza\u00e7\u00f5es similares ao CISSA fora de \u00c1frica;<\/li><li>Servir de canal de comunica\u00e7\u00e3o entre os Membros durante crises e outras circunst\u00e2ncias que possam surgir.<\/li><li>Servir de plataforma para os Membros assistirem-se mutuamente em mat\u00e9ria de necessidades formativas; e<\/li><li>Proporcionar um f\u00f3rum para a realiza\u00e7\u00e3o de pesquisas colaborativas sobre quest\u00f5es ligadas \u00e0 paz e seguran\u00e7a em \u00c1frica.<\/li><\/ul>\t\t\t\t\t\t\t\t<\/div>\n\t\t\t\t<\/div>\n\t\t\t\t<div class=\"elementor-element elementor-element-41c2215 elementor-widget elementor-widget-heading\" data-id=\"41c2215\" data-element_type=\"widget\" data-e-type=\"widget\" data-widget_type=\"heading.default\">\n\t\t\t\t<div class=\"elementor-widget-container\">\n\t\t\t\t\t<h2 class=\"elementor-heading-title elementor-size-default\">Fun\u00e7\u00f5es<\/h2>\t\t\t\t<\/div>\n\t\t\t\t<\/div>\n\t\t\t\t<div class=\"elementor-element elementor-element-ecfbc70 elementor-widget elementor-widget-text-editor\" data-id=\"ecfbc70\" data-element_type=\"widget\" data-e-type=\"widget\" data-widget_type=\"text-editor.default\">\n\t\t\t\t<div class=\"elementor-widget-container\">\n\t\t\t\t\t\t\t\t\t<p>O CISSA exercer\u00e1 as seguintes fun\u00e7\u00f5es:<\/p><ul><li>An\u00e1lise de informa\u00e7\u00f5es estrat\u00e9gicas sobre todas as amea\u00e7as \u00e0 paz e \u00e0 seguran\u00e7a no continente;<\/li><li>Recolha\/aquisi\u00e7\u00e3o, processamento, an\u00e1lise e difus\u00e3o de informa\u00e7\u00f5es atrav\u00e9s do Secretariado;<\/li><li>Facilitar as interven\u00e7\u00f5es formatvas;<\/li><li>Harmonizar as abordagens relactivas \u00e0s amea\u00e7as comuns \u00e0 seguran\u00e7a<\/li><li>Coordenar estrat\u00e9gias com vista a prestar aconselhamento relactivo ao plano de ac\u00e7\u00e3o adequado sobre quest\u00f5es inerentes ao seu mandato;<\/li><li>Promover o desenvolvimento de uma doutrina africana end\u00f3gena de informa\u00e7\u00f5es e seguran\u00e7a;<\/li><li>Qualquer outra fun\u00e7\u00e3o que possa ser atribu\u00edda pela Confer\u00eancia do CISSA.<\/li><\/ul>\t\t\t\t\t\t\t\t<\/div>\n\t\t\t\t<\/div>\n\t\t\t\t\t<\/div>\n\t\t<\/div>\n\t\t\t\t<div class=\"elementor-column elementor-col-50 elementor-top-column elementor-element elementor-element-2a65fb9\" data-id=\"2a65fb9\" data-element_type=\"column\" data-e-type=\"column\" data-settings=\"{&quot;background_background&quot;:&quot;classic&quot;}\">\n\t\t\t<div class=\"elementor-widget-wrap elementor-element-populated\">\n\t\t\t\t\t\t<section class=\"elementor-section elementor-inner-section elementor-element elementor-element-7d8b2f7 elementor-section-boxed elementor-section-height-default elementor-section-height-default\" data-id=\"7d8b2f7\" data-element_type=\"section\" data-e-type=\"section\">\n\t\t\t\t\t\t<div class=\"elementor-container elementor-column-gap-no\">\n\t\t\t\t\t<div class=\"elementor-column elementor-col-100 elementor-inner-column elementor-element elementor-element-daeedc9\" data-id=\"daeedc9\" data-element_type=\"column\" data-e-type=\"column\" data-settings=\"{&quot;background_background&quot;:&quot;classic&quot;}\">\n\t\t\t<div class=\"elementor-widget-wrap elementor-element-populated\">\n\t\t\t\t\t\t<div class=\"elementor-element elementor-element-9c1cae7 elementor-widget elementor-widget-heading\" data-id=\"9c1cae7\" data-element_type=\"widget\" data-e-type=\"widget\" data-widget_type=\"heading.default\">\n\t\t\t\t<div class=\"elementor-widget-container\">\n\t\t\t\t\t<h2 class=\"elementor-heading-title elementor-size-medium\">Datas Importantes<\/h2>\t\t\t\t<\/div>\n\t\t\t\t<\/div>\n\t\t\t\t<div class=\"elementor-element elementor-element-197a5eb elementor-icon-list--layout-traditional elementor-list-item-link-full_width elementor-widget elementor-widget-icon-list\" data-id=\"197a5eb\" data-element_type=\"widget\" data-e-type=\"widget\" data-widget_type=\"icon-list.default\">\n\t\t\t\t<div class=\"elementor-widget-container\">\n\t\t\t\t\t\t\t<ul class=\"elementor-icon-list-items\">\n\t\t\t\t\t\t\t<li class=\"elementor-icon-list-item\">\n\t\t\t\t\t\t\t\t\t\t\t<a href=\"#\">\n\n\t\t\t\t\t\t\t\t\t\t\t\t<span class=\"elementor-icon-list-icon\">\n\t\t\t\t\t\t\t<i aria-hidden=\"true\" class=\"fas fa-calendar-check\"><\/i>\t\t\t\t\t\t<\/span>\n\t\t\t\t\t\t\t\t\t\t<span class=\"elementor-icon-list-text\">2013<\/span>\n\t\t\t\t\t\t\t\t\t\t\t<\/a>\n\t\t\t\t\t\t\t\t\t<\/li>\n\t\t\t\t\t\t\t\t<li class=\"elementor-icon-list-item\">\n\t\t\t\t\t\t\t\t\t\t\t<a href=\"#\">\n\n\t\t\t\t\t\t\t\t\t\t\t<span class=\"elementor-icon-list-text\">A UA tem 54 membros, ou seja, todos os pa\u00edses africanos excepto Marrocos. O Sahara Ocidental \u00e9 membro de pleno direito da UA mas n\u00e3o \u00e9 membro da ONU<\/span>\n\t\t\t\t\t\t\t\t\t\t\t<\/a>\n\t\t\t\t\t\t\t\t\t<\/li>\n\t\t\t\t\t\t<\/ul>\n\t\t\t\t\t\t<\/div>\n\t\t\t\t<\/div>\n\t\t\t\t<div class=\"elementor-element elementor-element-43ac278 elementor-icon-list--layout-traditional elementor-list-item-link-full_width elementor-widget elementor-widget-icon-list\" data-id=\"43ac278\" data-element_type=\"widget\" data-e-type=\"widget\" data-widget_type=\"icon-list.default\">\n\t\t\t\t<div class=\"elementor-widget-container\">\n\t\t\t\t\t\t\t<ul class=\"elementor-icon-list-items\">\n\t\t\t\t\t\t\t<li class=\"elementor-icon-list-item\">\n\t\t\t\t\t\t\t\t\t\t\t<a href=\"#\">\n\n\t\t\t\t\t\t\t\t\t\t\t\t<span class=\"elementor-icon-list-icon\">\n\t\t\t\t\t\t\t<i aria-hidden=\"true\" class=\"fas fa-calendar-check\"><\/i>\t\t\t\t\t\t<\/span>\n\t\t\t\t\t\t\t\t\t\t<span class=\"elementor-icon-list-text\">2012<\/span>\n\t\t\t\t\t\t\t\t\t\t\t<\/a>\n\t\t\t\t\t\t\t\t\t<\/li>\n\t\t\t\t\t\t\t\t<li class=\"elementor-icon-list-item\">\n\t\t\t\t\t\t\t\t\t\t\t<a href=\"#\">\n\n\t\t\t\t\t\t\t\t\t\t\t<span class=\"elementor-icon-list-text\">A ministra do Interior da \u00c1frica do Sul, Nkosazana Dlamini-Zuma, torna-se a primeira mulher na hist\u00f3ria da organiza\u00e7\u00e3o a ser eleita presidente da Comiss\u00e3o da UA. \u00c9 o posto mais alto da alian\u00e7a.<\/span>\n\t\t\t\t\t\t\t\t\t\t\t<\/a>\n\t\t\t\t\t\t\t\t\t<\/li>\n\t\t\t\t\t\t<\/ul>\n\t\t\t\t\t\t<\/div>\n\t\t\t\t<\/div>\n\t\t\t\t<div class=\"elementor-element elementor-element-50ad981 elementor-icon-list--layout-traditional elementor-list-item-link-full_width elementor-widget elementor-widget-icon-list\" data-id=\"50ad981\" data-element_type=\"widget\" data-e-type=\"widget\" data-widget_type=\"icon-list.default\">\n\t\t\t\t<div class=\"elementor-widget-container\">\n\t\t\t\t\t\t\t<ul class=\"elementor-icon-list-items\">\n\t\t\t\t\t\t\t<li class=\"elementor-icon-list-item\">\n\t\t\t\t\t\t\t\t\t\t\t<a href=\"#\">\n\n\t\t\t\t\t\t\t\t\t\t\t\t<span class=\"elementor-icon-list-icon\">\n\t\t\t\t\t\t\t<i aria-hidden=\"true\" class=\"fas fa-calendar-check\"><\/i>\t\t\t\t\t\t<\/span>\n\t\t\t\t\t\t\t\t\t\t<span class=\"elementor-icon-list-text\">2001<\/span>\n\t\t\t\t\t\t\t\t\t\t\t<\/a>\n\t\t\t\t\t\t\t\t\t<\/li>\n\t\t\t\t\t\t\t\t<li class=\"elementor-icon-list-item\">\n\t\t\t\t\t\t\t\t\t\t\t<a href=\"#\">\n\n\t\t\t\t\t\t\t\t\t\t\t<span class=\"elementor-icon-list-text\">A ministra do Interior da \u00c1frica do Sul, Nkosazana Dlamini-Zuma, torna-se a primeira mulher na hist\u00f3ria da organiza\u00e7\u00e3o a ser eleita presidente da Comiss\u00e3o da UA. \u00c9 o posto mais alto da alian\u00e7a.<\/span>\n\t\t\t\t\t\t\t\t\t\t\t<\/a>\n\t\t\t\t\t\t\t\t\t<\/li>\n\t\t\t\t\t\t<\/ul>\n\t\t\t\t\t\t<\/div>\n\t\t\t\t<\/div>\n\t\t\t\t<div class=\"elementor-element elementor-element-f0bc5fc elementor-icon-list--layout-traditional elementor-list-item-link-full_width elementor-widget elementor-widget-icon-list\" data-id=\"f0bc5fc\" data-element_type=\"widget\" data-e-type=\"widget\" data-widget_type=\"icon-list.default\">\n\t\t\t\t<div class=\"elementor-widget-container\">\n\t\t\t\t\t\t\t<ul class=\"elementor-icon-list-items\">\n\t\t\t\t\t\t\t<li class=\"elementor-icon-list-item\">\n\t\t\t\t\t\t\t\t\t\t\t<a href=\"#\">\n\n\t\t\t\t\t\t\t\t\t\t\t\t<span class=\"elementor-icon-list-icon\">\n\t\t\t\t\t\t\t<i aria-hidden=\"true\" class=\"fas fa-calendar-check\"><\/i>\t\t\t\t\t\t<\/span>\n\t\t\t\t\t\t\t\t\t\t<span class=\"elementor-icon-list-text\">2004<\/span>\n\t\t\t\t\t\t\t\t\t\t\t<\/a>\n\t\t\t\t\t\t\t\t\t<\/li>\n\t\t\t\t\t\t\t\t<li class=\"elementor-icon-list-item\">\n\t\t\t\t\t\t\t\t\t\t\t<a href=\"#\">\n\n\t\t\t\t\t\t\t\t\t\t\t<span class=\"elementor-icon-list-text\">A Confer\u00eancia do CISSA reuniu-se pela primeira vez numa reuni\u00e3o constitutiva em Abuja, Nig\u00e9ria, a 26 de Agosto de 2004<\/span>\n\t\t\t\t\t\t\t\t\t\t\t<\/a>\n\t\t\t\t\t\t\t\t\t<\/li>\n\t\t\t\t\t\t<\/ul>\n\t\t\t\t\t\t<\/div>\n\t\t\t\t<\/div>\n\t\t\t\t\t<\/div>\n\t\t<\/div>\n\t\t\t\t\t<\/div>\n\t\t<\/section>\n\t\t\t\t\t<\/div>\n\t\t<\/div>\n\t\t\t\t\t<\/div>\n\t\t<\/section>\n\t\t\t\t<\/div>\n\t\t","protected":false},"excerpt":{"rendered":"<p>HIST\u00d3RIA DO CISSA HIST\u00d3RIA O CISSA foi criado pelos Chefes dos Servi\u00e7os de Informa\u00e7\u00f5es e Seguran\u00e7a de \u00c1frica devido \u00e0 crescente consciencializa\u00e7\u00e3o da import\u00e2ncia e do valor pr\u00e1tico do multilateralismo cooperativo e construtivo. Foi criado a 26 de Agosto de 2004 em Abuja, Nig\u00e9ria, pelos Chefes dos Servi\u00e7os de Informa\u00e7\u00f5es e Seguran\u00e7a de \u00c1frica. O&#8230;<\/p>\n","protected":false},"author":1,"featured_media":0,"parent":0,"menu_order":0,"comment_status":"closed","ping_status":"closed","template":"","meta":{"_kadence_starter_templates_imported_post":false,"_kad_post_transparent":"disable","_kad_post_title":"hide","_kad_post_layout":"fullwidth","_kad_post_sidebar_id":"","_kad_post_content_style":"unboxed","_kad_post_vertical_padding":"hide","_kad_post_feature":"hide","_kad_post_feature_position":"","_kad_post_header":false,"_kad_post_footer":false,"_kad_post_classname":"","footnotes":""},"class_list":["post-2117","page","type-page","status-publish","hentry"],"_links":{"self":[{"href":"https:\/\/cissaau.org\/index.php?rest_route=\/wp\/v2\/pages\/2117","targetHints":{"allow":["GET"]}}],"collection":[{"href":"https:\/\/cissaau.org\/index.php?rest_route=\/wp\/v2\/pages"}],"about":[{"href":"https:\/\/cissaau.org\/index.php?rest_route=\/wp\/v2\/types\/page"}],"author":[{"embeddable":true,"href":"https:\/\/cissaau.org\/index.php?rest_route=\/wp\/v2\/users\/1"}],"replies":[{"embeddable":true,"href":"https:\/\/cissaau.org\/index.php?rest_route=%2Fwp%2Fv2%2Fcomments&post=2117"}],"version-history":[{"count":52,"href":"https:\/\/cissaau.org\/index.php?rest_route=\/wp\/v2\/pages\/2117\/revisions"}],"predecessor-version":[{"id":5059,"href":"https:\/\/cissaau.org\/index.php?rest_route=\/wp\/v2\/pages\/2117\/revisions\/5059"}],"wp:attachment":[{"href":"https:\/\/cissaau.org\/index.php?rest_route=%2Fwp%2Fv2%2Fmedia&parent=2117"}],"curies":[{"name":"wp","href":"https:\/\/api.w.org\/{rel}","templated":true}]}}